{"id":1084,"date":"2022-06-10T09:58:11","date_gmt":"2022-06-10T07:58:11","guid":{"rendered":"https:\/\/www.campingdelavallee.com\/servicios\/"},"modified":"2026-01-09T09:25:57","modified_gmt":"2026-01-09T08:25:57","slug":"servicios","status":"publish","type":"page","link":"https:\/\/www.campingdelavallee.com\/es\/servicios\/","title":{"rendered":"Servicios"},"content":{"rendered":"\n<section class=\"wp-container-69d07affc932f wp-block-group V-20-a\"><div class=\"wp-block-group__inner-container\">\n<div class=\"wp-block-columns\">\n<div class=\"wp-block-column\">\n<figure class=\"wp-block-gallery has-nested-images columns-default is-cropped\">\n<figure class=\"wp-block-image size-large\"><img loading=\"lazy\" width=\"1899\" height=\"1424\" src=\"https:\/\/www.campingdelavallee.com\/wp-content\/uploads\/2022\/04\/P1010038.jpg\" alt=\"Camping De La Vall\u00e9e (66): P1010038\" class=\"wp-image-738\" srcset=\"https:\/\/www.campingdelavallee.com\/wp-content\/uploads\/2022\/04\/P1010038.jpg 1899w, https:\/\/www.campingdelavallee.com\/wp-content\/uploads\/2022\/04\/P1010038-300x225.jpg 300w, https:\/\/www.campingdelavallee.com\/wp-content\/uploads\/2022\/04\/P1010038-1024x768.jpg 1024w, https:\/\/www.campingdelavallee.com\/wp-content\/uploads\/2022\/04\/P1010038-768x576.jpg 768w, https:\/\/www.campingdelavallee.com\/wp-content\/uploads\/2022\/04\/P1010038-1536x1152.jpg 1536w\" sizes=\"(max-width: 1899px) 100vw, 1899px\" \/><\/figure>\n\n\n\n<figure class=\"wp-block-image size-large\"><img loading=\"lazy\" width=\"1899\" height=\"1424\" src=\"https:\/\/www.campingdelavallee.com\/wp-content\/uploads\/2022\/04\/P1010238.jpg\" alt=\"Camping De La Vall\u00e9e (66): P1010238\" class=\"wp-image-741\" srcset=\"https:\/\/www.campingdelavallee.com\/wp-content\/uploads\/2022\/04\/P1010238.jpg 1899w, https:\/\/www.campingdelavallee.com\/wp-content\/uploads\/2022\/04\/P1010238-300x225.jpg 300w, https:\/\/www.campingdelavallee.com\/wp-content\/uploads\/2022\/04\/P1010238-1024x768.jpg 1024w, https:\/\/www.campingdelavallee.com\/wp-content\/uploads\/2022\/04\/P1010238-768x576.jpg 768w, https:\/\/www.campingdelavallee.com\/wp-content\/uploads\/2022\/04\/P1010238-1536x1152.jpg 1536w\" sizes=\"(max-width: 1899px) 100vw, 1899px\" \/><\/figure>\n\n\n\n<figure class=\"wp-block-image size-large\"><img loading=\"lazy\" width=\"1899\" height=\"1424\" src=\"https:\/\/www.campingdelavallee.com\/wp-content\/uploads\/2022\/03\/P1010235.jpg\" alt=\"Camping De La Vall\u00e9e (66): P1010235\" class=\"wp-image-538\" srcset=\"https:\/\/www.campingdelavallee.com\/wp-content\/uploads\/2022\/03\/P1010235.jpg 1899w, https:\/\/www.campingdelavallee.com\/wp-content\/uploads\/2022\/03\/P1010235-300x225.jpg 300w, https:\/\/www.campingdelavallee.com\/wp-content\/uploads\/2022\/03\/P1010235-1024x768.jpg 1024w, https:\/\/www.campingdelavallee.com\/wp-content\/uploads\/2022\/03\/P1010235-768x576.jpg 768w, https:\/\/www.campingdelavallee.com\/wp-content\/uploads\/2022\/03\/P1010235-1536x1152.jpg 1536w\" sizes=\"(max-width: 1899px) 100vw, 1899px\" \/><\/figure>\n<\/figure>\n\n\n\n<div class=\"wp-container-69d07affc8caa wp-block-group pictos column-4\">\n<div class=\"wp-container-69d07affc7025 wp-block-group\"><div class=\"wp-block-group__inner-container\">\n<p class=\"has-text-align-center has-couleur-2-color has-text-color\"><i class=\"fas fa-fork-knife\"><\/i><\/p>\n\n\n\n<p class=\"has-text-align-center\">Un <strong>restaurante\/snack bar<\/strong><\/p>\n<\/div><\/div>\n\n\n\n<div class=\"wp-container-69d07affc7883 wp-block-group\"><div class=\"wp-block-group__inner-container\">\n<p class=\"has-text-align-center has-couleur-2-color has-text-color\"><i class=\"fas fa-restroom-simple\"><\/i><\/p>\n\n\n\n<p class=\"has-text-align-center\">2 <strong>sanitarios<\/strong><\/p>\n<\/div><\/div>\n\n\n\n<div class=\"wp-container-69d07affc7b92 wp-block-group\"><div class=\"wp-block-group__inner-container\">\n<p class=\"has-text-align-center has-couleur-2-color has-text-color\"><i class=\"fas fa-wifi\"><\/i><\/p>\n\n\n\n<p class=\"has-text-align-center\">La <strong>red Wi-Fi gratuita<\/strong> *<\/p>\n<\/div><\/div>\n\n\n\n<div class=\"wp-container-69d07affc7e7f wp-block-group\"><div class=\"wp-block-group__inner-container\">\n<p class=\"has-text-align-center has-couleur-2-color has-text-color\"><i class=\"fas fa-books\"><\/i><\/p>\n\n\n\n<p class=\"has-text-align-center\">La <strong>Biblioteca del Campamento<\/strong> **<\/p>\n<\/div><\/div>\n\n\n\n<div class=\"wp-container-69d07affc815d wp-block-group\"><div class=\"wp-block-group__inner-container\">\n<p class=\"has-text-align-center has-couleur-2-color has-text-color\"><i class=\"fas fa-ball-pile\"><\/i><\/p>\n\n\n\n<p class=\"has-text-align-center\">la <strong>sala de juegos<\/strong><br><\/p>\n<\/div><\/div>\n\n\n\n<div class=\"wp-container-69d07affc8446 wp-block-group\"><div class=\"wp-block-group__inner-container\">\n<p class=\"has-text-align-center has-couleur-2-color has-text-color\"><i class=\"fas fa-face-party\"><\/i><\/p>\n\n\n\n<p class=\"has-text-align-center\">el <strong>patio de recreo<\/strong><br><\/p>\n<\/div><\/div>\n\n\n\n<div class=\"wp-container-69d07affc8735 wp-block-group\"><div class=\"wp-block-group__inner-container\">\n<p class=\"has-text-align-center has-couleur-2-color has-text-color\"><i class=\"fas fa-baguette\"><\/i><\/p>\n\n\n\n<p class=\"has-text-align-center\">El <strong>dep\u00f3sito de pan<\/strong><\/p>\n<\/div><\/div>\n\n\n\n<div class=\"wp-container-69d07affc8a20 wp-block-group\"><div class=\"wp-block-group__inner-container\">\n<p class=\"has-text-align-center has-couleur-2-color has-text-color\"><i class=\"fas fa-futbol\"><\/i><\/p>\n\n\n\n<p class=\"has-text-align-center\">el <strong>estadio de la ciudad<\/strong><\/p>\n<\/div><\/div>\n<\/div>\n<\/div>\n\n\n\n<div class=\"wp-block-column deco--montagnes\">\n<h1 class=\"has-couleur-1-color has-text-color\" id=\"camping-3-etoiles-pyrenees-orientales-avec-de-nombreux-servicesles-services-de-votre-camping-3-etoiles-pyrenees-orientales\">Camping 3 estrellas Pyr\u00e9n\u00e9es Orientales con muchos servicios<\/h1>\n\n\n\n<h2 class=\"titre2 has-couleur-2-color has-text-color\" id=\"camping-3-etoiles-pyrenees-orientales-avec-de-nombreux-servicesles-services-de-votre-camping-3-etoiles-pyrenees-orientales\">Los servicios de su camping 3 estrellas Pyr\u00e9n\u00e9es Orientales<\/h2>\n\n\n\n<p>Durante su estancia en <strong>el camping La Vall\u00e9e, en los Pirineos Orientales (66)<\/strong> , le ofrecemos diversos servicios e instalaciones de ocio para hacerla a\u00fan m\u00e1s agradable. Al optar por un <a href=\"https:\/\/www.campingdelavallee.com\/es\/alquileres\/\" data-type=\"page\" data-id=\"443\">alquiler de mobil-home<\/a> o una <a href=\"https:\/\/www.campingdelavallee.com\/es\/parcelas\/\" data-type=\"page\" data-id=\"445\">parcela de camping<\/a> , se beneficiar\u00e1 en el lugar:<\/p>\n\n\n\n<p><em>* La red <strong>Wifi gratis<\/strong> en temporada baja, de pago en temporada alta<\/em><\/p>\n\n\n\n<p>**  <em>Pr\u00e1ctica ! Tambi\u00e9n ofrecemos una <strong>peque\u00f1a biblioteca de autoservicio<\/strong> , para acompa\u00f1ar sus momentos de relajaci\u00f3n. De hecho, tendr\u00e1 la posibilidad de tomar prestados uno o m\u00e1s libros durante su estancia, \u00a1pero tambi\u00e9n de venir a \u201calimentar\u201d la biblioteca del campamento con los libros que ha tra\u00eddo consigo y que desea dejar con otros veraneantes!<\/em><\/p>\n\n\n\n<div class=\"wp-container-69d07affc901d wp-block-buttons deco--trait-3\">\n<div class=\"wp-block-button\"><a class=\"wp-block-button__link has-couleur-1-background-color has-background\" href=\"https:\/\/www.campingdelavallee.com\/es\/actividades\/\"><i class=\"fas fa-party-horn\"><\/i> ver actividades<\/a><\/div>\n<\/div>\n<\/div>\n<\/div>\n<\/div><\/section>\n\n\n\n<section class=\"wp-container-69d07affcac4e wp-block-group V-15-a deco--vague-bloc has-couleur-1-background-color has-background\"><div class=\"wp-block-group__inner-container\">\n<h2 class=\"has-blanc-color has-text-color\" id=\"les-prets-et-locations-au-camping-de-la-vallee-66\">Pr\u00e9stamos y alquileres en el camping La Vall\u00e9e (66)<\/h2>\n\n\n\n<div class=\"wp-block-columns\">\n<div class=\"wp-block-column\">\n<p class=\"has-blanc-color has-text-color\">Para facilitar la organizaci\u00f3n de su <strong>estancia en la monta\u00f1a<\/strong> y evitar abarrotar su veh\u00edculo, puede confiar en el servicio de pr\u00e9stamo y alquiler del <strong>camping La Vall\u00e9e<\/strong> . Entre ellos, encontrar\u00e1s:<\/p>\n\n\n\n<div class=\"wp-container-69d07affca58e wp-block-group pictos column-3 small\">\n<div class=\"wp-container-69d07affc96f9 wp-block-group\"><div class=\"wp-block-group__inner-container\">\n<p class=\"has-text-align-center has-blanc-color has-text-color\"><i class=\"fas fa-refrigerator\"><\/i><\/p>\n\n\n\n<p class=\"has-text-align-center has-blanc-color has-text-color\">Alquiler de nevera<\/p>\n\n\n\n<p class=\"has-text-align-center has-blanc-color has-text-color\"><em>(4\u20ac\/d\u00eda)<\/em><\/p>\n<\/div><\/div>\n\n\n\n<div class=\"wp-container-69d07affc99f1 wp-block-group\"><div class=\"wp-block-group__inner-container\">\n<p class=\"has-text-align-center has-blanc-color has-text-color\"><i class=\"fas fa-shish-kebab\"><\/i><\/p>\n\n\n\n<p class=\"has-text-align-center has-blanc-color has-text-color\">Alquiler de barbacoa de gas<\/p>\n<\/div><\/div>\n\n\n\n<div class=\"wp-container-69d07affc9cec wp-block-group\"><div class=\"wp-block-group__inner-container\">\n<p class=\"has-text-align-center has-blanc-color has-text-color\"><i class=\"fas fa-washing-machine\"><\/i><\/p>\n\n\n\n<p class=\"has-text-align-center has-blanc-color has-text-color\">2 lavadoras y 1 secadora<\/p>\n\n\n\n<p class=\"has-text-align-center has-blanc-color has-text-color\"><em>(5\u20ac por ficha, disponible en recepci\u00f3n)<\/em><\/p>\n<\/div><\/div>\n\n\n\n<div class=\"wp-container-69d07affc9ff3 wp-block-group\"><div class=\"wp-block-group__inner-container\">\n<p class=\"has-text-align-center has-blanc-color has-text-color\"><i class=\"fas fa-blanket\"><\/i><\/p>\n\n\n\n<p class=\"has-text-align-center has-blanc-color has-text-color\">Alquiler de almohadas y mantas<\/p>\n\n\n\n<p class=\"has-text-align-center has-blanc-color has-text-color\"><em>(a proporcionar con antelaci\u00f3n) pero sin s\u00e1banas.<\/em><\/p>\n<\/div><\/div>\n\n\n\n<div class=\"wp-container-69d07affca2f8 wp-block-group\"><div class=\"wp-block-group__inner-container\">\n<p class=\"has-text-align-center has-blanc-color has-text-color\"><i class=\"fas fa-baby\"><\/i><\/p>\n\n\n\n<p class=\"has-text-align-center has-blanc-color has-text-color\">Alquiler de kit de beb\u00e9 con cuna de viaje<\/p>\n\n\n\n<p class=\"has-text-align-center has-blanc-color has-text-color\"><em>(+ colch\u00f3n, cubrecolch\u00f3n y s\u00e1bana bajera), una trona<\/em><\/p>\n<\/div><\/div>\n<\/div>\n\n\n\n<div class=\"wp-block-group encart-information\"><div class=\"wp-block-group__inner-container\">\n<p>La recepci\u00f3n est\u00e1 abierta de 8.30 a 12.00 horas y de 14.00 a 19.00 horas.<\/p>\n\n\n\n<p>El bar y el restaurante est\u00e1n abiertos del 1 de mayo al 30 de septiembre de 2026.<\/p>\n<\/div><\/div>\n<\/div>\n\n\n\n<div class=\"wp-block-column\">\n<figure class=\"wp-block-gallery has-nested-images columns-default is-cropped stretch\">\n<figure class=\"wp-block-image size-large\"><img loading=\"lazy\" width=\"1899\" height=\"1424\" src=\"https:\/\/www.campingdelavallee.com\/wp-content\/uploads\/2022\/04\/P1010113.jpg\" alt=\"Camping De La Vall\u00e9e (66): P1010113\" class=\"wp-image-747\" srcset=\"https:\/\/www.campingdelavallee.com\/wp-content\/uploads\/2022\/04\/P1010113.jpg 1899w, https:\/\/www.campingdelavallee.com\/wp-content\/uploads\/2022\/04\/P1010113-300x225.jpg 300w, https:\/\/www.campingdelavallee.com\/wp-content\/uploads\/2022\/04\/P1010113-1024x768.jpg 1024w, https:\/\/www.campingdelavallee.com\/wp-content\/uploads\/2022\/04\/P1010113-768x576.jpg 768w, https:\/\/www.campingdelavallee.com\/wp-content\/uploads\/2022\/04\/P1010113-1536x1152.jpg 1536w\" sizes=\"(max-width: 1899px) 100vw, 1899px\" \/><\/figure>\n\n\n\n<figure class=\"wp-block-image size-large\"><img loading=\"lazy\" width=\"1899\" height=\"1424\" src=\"https:\/\/www.campingdelavallee.com\/wp-content\/uploads\/2022\/04\/P1010260.jpg\" alt=\"Camping De La Vall\u00e9e (66): P1010260\" class=\"wp-image-750\" srcset=\"https:\/\/www.campingdelavallee.com\/wp-content\/uploads\/2022\/04\/P1010260.jpg 1899w, https:\/\/www.campingdelavallee.com\/wp-content\/uploads\/2022\/04\/P1010260-300x225.jpg 300w, https:\/\/www.campingdelavallee.com\/wp-content\/uploads\/2022\/04\/P1010260-1024x768.jpg 1024w, https:\/\/www.campingdelavallee.com\/wp-content\/uploads\/2022\/04\/P1010260-768x576.jpg 768w, https:\/\/www.campingdelavallee.com\/wp-content\/uploads\/2022\/04\/P1010260-1536x1152.jpg 1536w\" sizes=\"(max-width: 1899px) 100vw, 1899px\" \/><\/figure>\n\n\n\n<figure class=\"wp-block-image size-large\"><img loading=\"lazy\" width=\"768\" height=\"1024\" src=\"https:\/\/www.campingdelavallee.com\/wp-content\/uploads\/2022\/04\/IMG_4192-768x1024-1.jpg\" alt=\"Camping De La Vall\u00e9e (66): Img 4192 768x1024\" class=\"wp-image-753\" srcset=\"https:\/\/www.campingdelavallee.com\/wp-content\/uploads\/2022\/04\/IMG_4192-768x1024-1.jpg 768w, https:\/\/www.campingdelavallee.com\/wp-content\/uploads\/2022\/04\/IMG_4192-768x1024-1-225x300.jpg 225w\" sizes=\"(max-width: 768px) 100vw, 768px\" \/><\/figure>\n<\/figure>\n\n\n\n<div class=\"wp-container-69d07affca9a6 wp-block-buttons\">\n<div class=\"wp-block-button\"><a class=\"wp-block-button__link has-typo-color has-blanc-background-color has-text-color has-background\" href=\"https:\/\/www.campingdelavallee.com\/es\/actividades\/\"><i class=\"fas fa-party-horn\"><\/i> ver actividades<\/a><\/div>\n\n\n\n<div class=\"wp-block-button is-style-outline\"><a class=\"wp-block-button__link has-blanc-color has-text-color\" href=\"https:\/\/www.campingdelavallee.com\/es\/galeria-de-fotos-y-videos\/\"><i class=\"fas fa-photo-film\"><\/i> ver la galer\u00eda<\/a><\/div>\n<\/div>\n<\/div>\n<\/div>\n<\/div><\/section>\n\n\n\n<section class=\"wp-container-69d07affcb304 wp-block-group V-05-a deco--vague-1\"><div class=\"wp-block-group__inner-container\">\n<div class=\"wp-block-columns\">\n<div class=\"wp-block-column\">\n<div class=\"wp-container-69d07affcaf70 wp-block-buttons\">\n<div class=\"wp-block-button is-style-outline\"><a class=\"wp-block-button__link has-couleur-1-color has-text-color\" href=\"https:\/\/www.campingdelavallee.com\/es\/galeria-de-fotos-y-videos\/\"><i class=\"fas fa-photo-film\"><\/i> ver la galer\u00eda<\/a><\/div>\n<\/div>\n\n\n\n<figure class=\"wp-block-gallery has-nested-images columns-default is-cropped stretch\">\n<figure class=\"wp-block-image size-large\"><img loading=\"lazy\" width=\"1024\" height=\"768\" src=\"https:\/\/www.campingdelavallee.com\/wp-content\/uploads\/2022\/04\/P1010227-1024x768-1.jpg\" alt=\"Camping De La Vall\u00e9e (66): P1010227 1024x768\" class=\"wp-image-759\" srcset=\"https:\/\/www.campingdelavallee.com\/wp-content\/uploads\/2022\/04\/P1010227-1024x768-1.jpg 1024w, https:\/\/www.campingdelavallee.com\/wp-content\/uploads\/2022\/04\/P1010227-1024x768-1-300x225.jpg 300w, https:\/\/www.campingdelavallee.com\/wp-content\/uploads\/2022\/04\/P1010227-1024x768-1-768x576.jpg 768w\" sizes=\"(max-width: 1024px) 100vw, 1024px\" \/><\/figure>\n\n\n\n<figure class=\"wp-block-image size-large\"><img loading=\"lazy\" width=\"1899\" height=\"1424\" src=\"https:\/\/www.campingdelavallee.com\/wp-content\/uploads\/2022\/04\/P1010317.jpg\" alt=\"Camping De La Vall\u00e9e (66): P1010317\" class=\"wp-image-762\" srcset=\"https:\/\/www.campingdelavallee.com\/wp-content\/uploads\/2022\/04\/P1010317.jpg 1899w, https:\/\/www.campingdelavallee.com\/wp-content\/uploads\/2022\/04\/P1010317-300x225.jpg 300w, https:\/\/www.campingdelavallee.com\/wp-content\/uploads\/2022\/04\/P1010317-1024x768.jpg 1024w, https:\/\/www.campingdelavallee.com\/wp-content\/uploads\/2022\/04\/P1010317-768x576.jpg 768w, https:\/\/www.campingdelavallee.com\/wp-content\/uploads\/2022\/04\/P1010317-1536x1152.jpg 1536w\" sizes=\"(max-width: 1899px) 100vw, 1899px\" \/><\/figure>\n<\/figure>\n<\/div>\n\n\n\n<div class=\"wp-block-column\">\n<h3 class=\"titre1 has-couleur-1-color has-text-color\" id=\"votre-camping-languedoc-roussillon-3-etoiles-est-accessible-aux-personnes-a-mobilite-reduite\">Su camping 3 estrellas Languedoc Roussillon es accesible para personas con movilidad reducida<\/h3>\n\n\n\n<p>El <strong>camping de 3 estrellas Pyr\u00e9n\u00e9es Orientales de la Vall\u00e9e<\/strong> es parcialmente <strong>accesible para personas con movilidad reducida<\/strong> . El acceso a las parcelas, a la <a href=\"https:\/\/www.campingdelavallee.com\/es\/piscina\/\" data-type=\"page\" data-id=\"447\">piscina climatizada<\/a> , al bar ya los aseos y en particular a los sanitarios reservados para ellos, se facilita mediante rampas de acceso. Tambi\u00e9n se instala un <a href=\"https:\/\/www.campingdelavallee.com\/es\/alquileres\/\" data-type=\"page\" data-id=\"443\">Mobil-home adaptado para personas con movilidad reducida y climatizado<\/a> en su <strong>camping en St Jean Pla de Corts<\/strong> .<\/p>\n<\/div>\n<\/div>\n<\/div><\/section>\n","protected":false},"excerpt":{"rendered":"<p>Un restaurante\/snack bar 2 sanitarios La red Wi-Fi gratuita * La Biblioteca del Campamento ** la sala de juegos el patio de recreo El dep\u00f3sito de pan el estadio de la ciudad Camping 3 estrellas Pyr\u00e9n\u00e9es Orientales con muchos servicios Los servicios de su camping 3 estrellas Pyr\u00e9n\u00e9es Orientales Durante su estancia en el camping [&hellip;]<\/p>\n","protected":false},"author":1,"featured_media":0,"parent":0,"menu_order":0,"comment_status":"closed","ping_status":"closed","template":"","meta":[],"acf":[],"_links":{"self":[{"href":"https:\/\/www.campingdelavallee.com\/es\/wp-json\/wp\/v2\/pages\/1084"}],"collection":[{"href":"https:\/\/www.campingdelavallee.com\/es\/wp-json\/wp\/v2\/pages"}],"about":[{"href":"https:\/\/www.campingdelavallee.com\/es\/wp-json\/wp\/v2\/types\/page"}],"author":[{"embeddable":true,"href":"https:\/\/www.campingdelavallee.com\/es\/wp-json\/wp\/v2\/users\/1"}],"replies":[{"embeddable":true,"href":"https:\/\/www.campingdelavallee.com\/es\/wp-json\/wp\/v2\/comments?post=1084"}],"version-history":[{"count":6,"href":"https:\/\/www.campingdelavallee.com\/es\/wp-json\/wp\/v2\/pages\/1084\/revisions"}],"predecessor-version":[{"id":2169,"href":"https:\/\/www.campingdelavallee.com\/es\/wp-json\/wp\/v2\/pages\/1084\/revisions\/2169"}],"wp:attachment":[{"href":"https:\/\/www.campingdelavallee.com\/es\/wp-json\/wp\/v2\/media?parent=1084"}],"curies":[{"name":"wp","href":"https:\/\/api.w.org\/{rel}","templated":true}]}}