{"id":1070,"date":"2022-06-10T09:55:49","date_gmt":"2022-06-10T07:55:49","guid":{"rendered":"https:\/\/www.campingdelavallee.com\/piscina\/"},"modified":"2026-01-09T09:24:13","modified_gmt":"2026-01-09T08:24:13","slug":"piscina","status":"publish","type":"page","link":"https:\/\/www.campingdelavallee.com\/es\/piscina\/","title":{"rendered":"Piscina"},"content":{"rendered":"\n<section class=\"wp-container-69e46798e3311 wp-block-group alignfull V-25-a deco--vague-2\"><div class=\"wp-block-group__inner-container\">\n<div class=\"wp-block-columns\">\n<div class=\"wp-block-column is-vertically-aligned-top\">\n<figure class=\"wp-block-image size-large deco--trait-1\"><img loading=\"lazy\" width=\"1024\" height=\"768\" src=\"https:\/\/www.campingdelavallee.com\/wp-content\/uploads\/2022\/03\/20170615_121111-1024x768.jpg\" alt=\"\" class=\"wp-image-487\" srcset=\"https:\/\/www.campingdelavallee.com\/wp-content\/uploads\/2022\/03\/20170615_121111-1024x768.jpg 1024w, https:\/\/www.campingdelavallee.com\/wp-content\/uploads\/2022\/03\/20170615_121111-300x225.jpg 300w, https:\/\/www.campingdelavallee.com\/wp-content\/uploads\/2022\/03\/20170615_121111-768x576.jpg 768w, https:\/\/www.campingdelavallee.com\/wp-content\/uploads\/2022\/03\/20170615_121111-1536x1152.jpg 1536w, https:\/\/www.campingdelavallee.com\/wp-content\/uploads\/2022\/03\/20170615_121111.jpg 1899w\" sizes=\"(max-width: 1024px) 100vw, 1024px\" \/><\/figure>\n<\/div>\n\n\n\n<div class=\"wp-block-column is-vertically-aligned-center\" style=\"flex-basis:34vw\">\n<h1 class=\"has-text-align-center has-couleur-1-color has-text-color\" id=\"camping-pyrenees-orientales-avec-piscine-66\">Camping Pirineos Orientales con piscina (66)<\/h1>\n\n\n\n<p class=\"has-text-align-center\">Piscina abierta del 15 de abril al 20 de octubre de 2026.<\/p>\n\n\n\n<p class=\"has-text-align-center\">\u00bfEst\u00e1s pensando en ir de vacaciones a un <strong>camping en los Pirineos Orientales con piscina<\/strong> en un entorno natural y animado? Y si aprovechas el <strong>camping del Valle<\/strong> en Saint Jean Pla de Corts cerca de <a href=\"https:\/\/www.campingdelavallee.com\/alentours\/ceret\/\" data-type=\"alentours\" data-id=\"797\">C\u00e9ret<\/a> y <a href=\"https:\/\/www.campingdelavallee.com\/alentours\/le-boulou\/\" data-type=\"alentours\" data-id=\"805\">Le Boulou<\/a> para disfrutar de los placeres de la <strong>piscina o del r\u00edo<\/strong> . No hay duda de que grandes y peque\u00f1os estar\u00e1n encantados de bucear, nadar o chapotear con total tranquilidad.<\/p>\n\n\n\n<h2 class=\"has-text-align-center titre2 has-couleur-2-color has-text-color\" id=\"un-camping-pyrenees-orientales-avec-espace-aquatique-chauffe-pour-vous-detendre\">Un camping de los Pirineos Orientales con un espacio acu\u00e1tico climatizado para relajarse<\/h2>\n\n\n\n<p class=\"has-text-align-center\">El espacio acu\u00e1tico de nuestro <strong>camping Languedoc Roussillon con<\/strong> una piscina de <strong>120 m\u00b2<\/strong> y su <strong>piscina infantil climatizada<\/strong> no dejar\u00e1 de satisfacer sus expectativas. \u00a1Qu\u00e9 mejor que poder darse un chapuz\u00f3n en la <strong>piscina climatizada<\/strong> de su <strong>camping en los Pirineos Orientales<\/strong> !<\/p>\n\n\n\n<p class=\"has-text-align-center\">Un verdadero lugar de relajaci\u00f3n, la gran piscina para adultos lo invita a relajarse o practicar la nataci\u00f3n. En cuanto a nuestra piscina infantil, har\u00e1 las delicias de sus hijos peque\u00f1os que podr\u00e1n disfrutar de una zona de ba\u00f1o reservada para ellos y as\u00ed disfrutar de los placeres acu\u00e1ticos con total seguridad. Por tu parte, puedes cuidar a tus peque\u00f1os tumbado c\u00f3modamente en alguna de las <strong>tumbonas<\/strong> o tumbonas instaladas alrededor de las piscinas.<\/p>\n<\/div>\n\n\n\n<div class=\"wp-block-column is-vertically-aligned-bottom\">\n<figure class=\"wp-block-image size-large\"><img loading=\"lazy\" width=\"1024\" height=\"768\" src=\"https:\/\/www.campingdelavallee.com\/wp-content\/uploads\/2022\/03\/20170615_121059-1024x768.jpg\" alt=\"Camping De La Vall\u00e9e (66): 20170615 121059\" class=\"wp-image-535\" srcset=\"https:\/\/www.campingdelavallee.com\/wp-content\/uploads\/2022\/03\/20170615_121059-1024x768.jpg 1024w, https:\/\/www.campingdelavallee.com\/wp-content\/uploads\/2022\/03\/20170615_121059-300x225.jpg 300w, https:\/\/www.campingdelavallee.com\/wp-content\/uploads\/2022\/03\/20170615_121059-768x576.jpg 768w, https:\/\/www.campingdelavallee.com\/wp-content\/uploads\/2022\/03\/20170615_121059-1536x1152.jpg 1536w, https:\/\/www.campingdelavallee.com\/wp-content\/uploads\/2022\/03\/20170615_121059.jpg 1899w\" sizes=\"(max-width: 1024px) 100vw, 1024px\" \/><\/figure>\n<\/div>\n<\/div>\n<\/div><\/section>\n\n\n\n<section class=\"wp-container-69e46798e46fb wp-block-group V-15-a deco--vague-bloc has-couleur-1-background-color has-background\"><div class=\"wp-block-group__inner-container\">\n<h3 class=\"titre1 has-blanc-color has-text-color\" id=\"l-espace-aquatique-et-ses-activites-pour-toute-la-famille\">El espacio acu\u00e1tico y sus actividades para toda la familia<\/h3>\n\n\n\n<div class=\"wp-block-columns\">\n<div class=\"wp-block-column\">\n<figure class=\"wp-block-gallery has-nested-images columns-4 is-cropped stretch\">\n<figure class=\"wp-block-image size-large\"><img loading=\"lazy\" width=\"768\" height=\"1024\" src=\"https:\/\/www.campingdelavallee.com\/wp-content\/uploads\/2022\/04\/20170615_121039-768x1024.jpg\" alt=\"\" class=\"wp-image-642\" srcset=\"https:\/\/www.campingdelavallee.com\/wp-content\/uploads\/2022\/04\/20170615_121039-768x1024.jpg 768w, https:\/\/www.campingdelavallee.com\/wp-content\/uploads\/2022\/04\/20170615_121039-225x300.jpg 225w, https:\/\/www.campingdelavallee.com\/wp-content\/uploads\/2022\/04\/20170615_121039.jpg 1068w\" sizes=\"(max-width: 768px) 100vw, 768px\" \/><\/figure>\n\n\n\n<figure class=\"wp-block-image size-large\"><img loading=\"lazy\" width=\"990\" height=\"440\" src=\"https:\/\/www.campingdelavallee.com\/wp-content\/uploads\/2022\/04\/20170615_121039-990x440-1.jpg\" alt=\"\" class=\"wp-image-633\" srcset=\"https:\/\/www.campingdelavallee.com\/wp-content\/uploads\/2022\/04\/20170615_121039-990x440-1.jpg 990w, https:\/\/www.campingdelavallee.com\/wp-content\/uploads\/2022\/04\/20170615_121039-990x440-1-300x133.jpg 300w, https:\/\/www.campingdelavallee.com\/wp-content\/uploads\/2022\/04\/20170615_121039-990x440-1-768x341.jpg 768w\" sizes=\"(max-width: 990px) 100vw, 990px\" \/><\/figure>\n\n\n\n<figure class=\"wp-block-image size-large\"><img loading=\"lazy\" width=\"768\" height=\"1024\" src=\"https:\/\/www.campingdelavallee.com\/wp-content\/uploads\/2022\/04\/20170615_121045-768x1024.jpg\" alt=\"\" class=\"wp-image-637\" srcset=\"https:\/\/www.campingdelavallee.com\/wp-content\/uploads\/2022\/04\/20170615_121045-768x1024.jpg 768w, https:\/\/www.campingdelavallee.com\/wp-content\/uploads\/2022\/04\/20170615_121045-225x300.jpg 225w, https:\/\/www.campingdelavallee.com\/wp-content\/uploads\/2022\/04\/20170615_121045.jpg 1068w\" sizes=\"(max-width: 768px) 100vw, 768px\" \/><\/figure>\n<\/figure>\n\n\n\n<div class=\"wp-container-69e46798e3751 wp-block-buttons\">\n<div class=\"wp-block-button\"><a class=\"wp-block-button__link has-typo-color has-blanc-background-color has-text-color has-background\" href=\"https:\/\/www.campingdelavallee.com\/es\/actividades\/\"><i class=\"fas fa-party-horn\"><\/i> ver actividades<\/a><\/div>\n\n\n\n<div class=\"wp-block-button is-style-outline\"><a class=\"wp-block-button__link has-blanc-color has-text-color\" href=\"https:\/\/www.campingdelavallee.com\/es\/galeria-de-fotos-y-videos\/\"><i class=\"fas fa-photo-film\"><\/i> ver la galer\u00eda<\/a><\/div>\n<\/div>\n<\/div>\n\n\n\n<div class=\"wp-block-column\">\n<div class=\"wp-container-69e46798e43a4 wp-block-group pictos column-4\">\n<div class=\"wp-container-69e46798e3acc wp-block-group\"><div class=\"wp-block-group__inner-container\">\n<p class=\"has-text-align-center has-blanc-color has-text-color\"><i class=\"fas fa-water-ladder\"><\/i><\/p>\n\n\n\n<p class=\"has-text-align-center has-blanc-color has-text-color\">Piscina climatizada de 120 m\u00b2<\/p>\n<\/div><\/div>\n\n\n\n<div class=\"wp-container-69e46798e3dff wp-block-group\"><div class=\"wp-block-group__inner-container\">\n<p class=\"has-text-align-center has-blanc-color has-text-color\"><i class=\"fas fa-water-arrow-down\"><\/i><\/p>\n\n\n\n<p class=\"has-text-align-center has-blanc-color has-text-color\">piscina infantil climatizada<\/p>\n<\/div><\/div>\n\n\n\n<div class=\"wp-container-69e46798e4103 wp-block-group\"><div class=\"wp-block-group__inner-container\">\n<p class=\"has-text-align-center has-blanc-color has-text-color\"><i class=\"fas fa-umbrella-beach\"><\/i><\/p>\n\n\n\n<p class=\"has-text-align-center has-blanc-color has-text-color\">Tumbonas y relax<\/p>\n<\/div><\/div>\n<\/div>\n\n\n\n<p class=\"has-blanc-color has-text-color\">A menos que prefieras compartir momentos de complicidad con tus queridos peque\u00f1os. Si es as\u00ed, todo lo que tienes que hacer es unirte a ellos en el agua para ayudarlos a conocer los beneficios de la piscina. Por \u00faltimo, durante el per\u00edodo estival, puedes aprovechar <strong>las clases de aquagym<\/strong> organizadas por monitores titulados. \u00a1Ambiente garantizado para marcar tus <strong>vacaciones en St Jean pla de Corts<\/strong> !<\/p>\n<\/div>\n<\/div>\n<\/div><\/section>\n\n\n\n<section class=\"wp-container-69e46798e4ecd wp-block-group V-10-a\"><div class=\"wp-block-group__inner-container\">\n<div class=\"wp-block-columns are-vertically-aligned-center\">\n<div class=\"wp-block-column is-vertically-aligned-center deco--montagnes\">\n<h2 class=\"has-couleur-1-color has-text-color\" id=\"camping-avec-piscine-dans-les-pyrenees-orientales-entre-mer-et-montagne\">Camping con piscina en los Pirineos Orientales entre mar y monta\u00f1a<\/h2>\n\n\n\n<p>Un peque\u00f1o para\u00edso <strong>entre el mar y la monta\u00f1a<\/strong> , el <strong>camping de 3 estrellas Vall\u00e9e<\/strong> le abre sus puertas <strong>del 1 de abril al 31 de octubre<\/strong> . Al elegir nuestro <strong>camping con piscina climatizada cerca de Boulou y C\u00e9ret<\/strong> como su pr\u00f3ximo <strong>lugar de vacaciones en Languedoc Roussillon<\/strong> , vivir\u00e1 momentos llenos de emociones. Para permitirle tener una estancia excepcional, nuestro equipo sonriente est\u00e1 a su disposici\u00f3n para informarle y facilitarle su estancia en el <strong>camping del 66<\/strong> .<\/p>\n\n\n\n<div class=\"wp-block-group lire-plus-pc\"><div class=\"wp-block-group__inner-container\">\n<p>Lee mas<\/p>\n\n\n\n<div class=\"wp-container-69e46798e4b18 wp-block-group\"><div class=\"wp-block-group__inner-container\">\n<h3 class=\"has-couleur-2-color has-text-color\" id=\"detendez-vous-en-famille-au-bord-de-la-piscine-de-votre-camping-pres-du-boulou-66\">Rel\u00e1jese en familia en la piscina de su camping cerca de Le Boulou (66)<\/h3>\n\n\n\n<p>No esperes m\u00e1s para ofrecerte momentos de alegr\u00eda y relax en familia gracias a nuestro <strong>espacio acu\u00e1tico<\/strong> . Para ello, recuerda traer tu ba\u00f1ador, ya <strong>que no se permite<\/strong> el ba\u00f1ador.<\/p>\n\n\n\n<p>Por \u00faltimo, tenga en cuenta que la <strong>piscina del camping<\/strong> <strong>no est\u00e1 vigilada por un socorrista<\/strong> , por lo que le recomendamos que acompa\u00f1e a sus ni\u00f1os peque\u00f1os por su seguridad.<\/p>\n\n\n\n<p>La <strong>piscina climatizada<\/strong> est\u00e1 abierta <strong>todos los d\u00edas de 10 a 19:30 horas.<\/strong><\/p>\n\n\n\n<p>Veladas nocturnas planificadas alrededor de la piscina en temporada.<\/p>\n<\/div><\/div>\n<\/div><\/div>\n<\/div>\n\n\n\n<div class=\"wp-block-column is-vertically-aligned-center\">\n<figure class=\"wp-block-gallery has-nested-images columns-default is-cropped diaporama--1\">\n<figure class=\"wp-block-image size-large carousel__slide\"><img loading=\"lazy\" width=\"990\" height=\"440\" src=\"https:\/\/www.campingdelavallee.com\/wp-content\/uploads\/2022\/04\/CAMPING-LA-VALLEE-global-990x440-1.jpg\" alt=\"Camping De La Vall\u00e9e (66): Camping La Vall\u00e9e Global 990x440\" class=\"wp-image-645\" srcset=\"https:\/\/www.campingdelavallee.com\/wp-content\/uploads\/2022\/04\/CAMPING-LA-VALLEE-global-990x440-1.jpg 990w, https:\/\/www.campingdelavallee.com\/wp-content\/uploads\/2022\/04\/CAMPING-LA-VALLEE-global-990x440-1-300x133.jpg 300w, https:\/\/www.campingdelavallee.com\/wp-content\/uploads\/2022\/04\/CAMPING-LA-VALLEE-global-990x440-1-768x341.jpg 768w\" sizes=\"(max-width: 990px) 100vw, 990px\" \/><\/figure>\n\n\n\n<figure class=\"wp-block-image size-large carousel__slide\"><img loading=\"lazy\" width=\"1024\" height=\"574\" src=\"https:\/\/www.campingdelavallee.com\/wp-content\/uploads\/2022\/04\/CAMPING-LA-VALLEE-piscine-1024x574-1.jpg\" alt=\"Camping De La Vall\u00e9e (66): Camping La Vall\u00e9e Piscina 1024x574\" class=\"wp-image-648\" srcset=\"https:\/\/www.campingdelavallee.com\/wp-content\/uploads\/2022\/04\/CAMPING-LA-VALLEE-piscine-1024x574-1.jpg 1024w, https:\/\/www.campingdelavallee.com\/wp-content\/uploads\/2022\/04\/CAMPING-LA-VALLEE-piscine-1024x574-1-300x168.jpg 300w, https:\/\/www.campingdelavallee.com\/wp-content\/uploads\/2022\/04\/CAMPING-LA-VALLEE-piscine-1024x574-1-768x431.jpg 768w\" sizes=\"(max-width: 1024px) 100vw, 1024px\" \/><\/figure>\n\n\n\n<figure class=\"wp-block-image size-large carousel__slide\"><img loading=\"lazy\" width=\"1024\" height=\"576\" src=\"https:\/\/www.campingdelavallee.com\/wp-content\/uploads\/2022\/04\/Piscine-2017-1024x576-1.jpg\" alt=\"\" class=\"wp-image-636\" srcset=\"https:\/\/www.campingdelavallee.com\/wp-content\/uploads\/2022\/04\/Piscine-2017-1024x576-1.jpg 1024w, https:\/\/www.campingdelavallee.com\/wp-content\/uploads\/2022\/04\/Piscine-2017-1024x576-1-300x169.jpg 300w, https:\/\/www.campingdelavallee.com\/wp-content\/uploads\/2022\/04\/Piscine-2017-1024x576-1-768x432.jpg 768w\" sizes=\"(max-width: 1024px) 100vw, 1024px\" \/><\/figure>\n<\/figure>\n<\/div>\n<\/div>\n<\/div><\/section>\n","protected":false},"excerpt":{"rendered":"<p>Camping Pirineos Orientales con piscina (66) Piscina abierta del 15 de abril al 20 de octubre de 2026. \u00bfEst\u00e1s pensando en ir de vacaciones a un camping en los Pirineos Orientales con piscina en un entorno natural y animado? Y si aprovechas el camping del Valle en Saint Jean Pla de Corts cerca de C\u00e9ret [&hellip;]<\/p>\n","protected":false},"author":1,"featured_media":0,"parent":0,"menu_order":0,"comment_status":"closed","ping_status":"closed","template":"","meta":[],"acf":[],"_links":{"self":[{"href":"https:\/\/www.campingdelavallee.com\/es\/wp-json\/wp\/v2\/pages\/1070"}],"collection":[{"href":"https:\/\/www.campingdelavallee.com\/es\/wp-json\/wp\/v2\/pages"}],"about":[{"href":"https:\/\/www.campingdelavallee.com\/es\/wp-json\/wp\/v2\/types\/page"}],"author":[{"embeddable":true,"href":"https:\/\/www.campingdelavallee.com\/es\/wp-json\/wp\/v2\/users\/1"}],"replies":[{"embeddable":true,"href":"https:\/\/www.campingdelavallee.com\/es\/wp-json\/wp\/v2\/comments?post=1070"}],"version-history":[{"count":6,"href":"https:\/\/www.campingdelavallee.com\/es\/wp-json\/wp\/v2\/pages\/1070\/revisions"}],"predecessor-version":[{"id":2167,"href":"https:\/\/www.campingdelavallee.com\/es\/wp-json\/wp\/v2\/pages\/1070\/revisions\/2167"}],"wp:attachment":[{"href":"https:\/\/www.campingdelavallee.com\/es\/wp-json\/wp\/v2\/media?parent=1070"}],"curies":[{"name":"wp","href":"https:\/\/api.w.org\/{rel}","templated":true}]}}