{"id":1060,"date":"2022-06-10T09:52:31","date_gmt":"2022-06-10T07:52:31","guid":{"rendered":"https:\/\/www.campingdelavallee.com\/alquileres\/"},"modified":"2025-04-09T11:54:05","modified_gmt":"2025-04-09T09:54:05","slug":"alquileres","status":"publish","type":"page","link":"https:\/\/www.campingdelavallee.com\/es\/alquileres\/","title":{"rendered":"Alquileres"},"content":{"rendered":"\n<section class=\"wp-container-69fa2fff74ccf wp-block-group deco--vague-bloc has-bg-1-background-color has-background\"><div class=\"wp-block-group__inner-container\">\n<h1 class=\"has-text-align-center has-couleur-1-color has-text-color\" id=\"location-de-mobil-home-dans-les-pyrenees-orientales-66\">Alquiler de mobil-homes en los Pirineos Orientales (66)<\/h1>\n\n\n\n<h2 class=\"has-text-align-center has-couleur-2-color has-text-color\" id=\"sejourner-en-mobil-home-dans-les-pyrenees-orientales\">Alojarse en una casa m\u00f3vil en los Pirineos Orientales<\/h2>\n\n\n\n<p class=\"has-text-align-center\">Descubra nuestra amplia gama de <strong>c\u00f3modos alquileres de mobil-homes en los Pirineos Orientales<\/strong> en el camping Vall\u00e9e en <strong>St Jean pla de Corts<\/strong> , entre <strong>C\u00e9ret<\/strong> y <a href=\"https:\/\/www.campingdelavallee.com\/es\/alentours\/le-boulou\/\"><strong>Le Boulou<\/strong><\/a> . Te sentir\u00e1s como en casa y as\u00ed aprovechar\u00e1s al m\u00e1ximo tus <strong>vacaciones en los Pirineos Orientales<\/strong> , entre las termas de Boulou y <a href=\"https:\/\/www.campingdelavallee.com\/es\/alentours\/ceret\/\">C\u00e9ret<\/a> , cerca de la <strong>frontera espa\u00f1ola<\/strong> .<\/p>\n\n\n\n<div class=\"wp-block-group encart-information\"><div class=\"wp-block-group__inner-container\">\n<p class=\"has-text-align-center\">Fuera de temporada: \u00a1por 2 semanas compradas, la <strong>3\u00aa semana gratis<\/strong> en el camping La Vall\u00e9e!<\/p>\n\n\n\n<div class=\"wp-container-69fa2fff74a03 wp-block-buttons\">\n<div class=\"wp-block-button\"><a class=\"wp-block-button__link has-couleur-1-background-color has-background\" href=\"https:\/\/www.campingdelavallee.com\/es\/parcelas\/\"><i class=\"fas fa-campground\"><\/i> Ver nuestras parcelas<\/a><\/div>\n\n\n\n<div class=\"wp-block-button btn_resa\"><a class=\"wp-block-button__link has-couleur-2-background-color has-background\"><i class=\"fas fa-search\"><\/i> Reservar !<\/a><\/div>\n<\/div>\n<\/div><\/div>\n<\/div><\/section>\n\n\n\n<section class=\"wp-container-69fa2fff7542f wp-block-group V-05-a deco--vague-1\"><div class=\"wp-block-group__inner-container\">\n<div class=\"wp-block-columns\">\n<div class=\"wp-block-column\">\n<div class=\"wp-container-69fa2fff75023 wp-block-buttons\">\n<div class=\"wp-block-button is-style-outline\"><a class=\"wp-block-button__link has-couleur-1-color has-text-color\" href=\"https:\/\/www.campingdelavallee.com\/es\/galeria-de-fotos-y-videos\/\"><i class=\"fas fa-photo-film\"><\/i> ver la galer\u00eda<\/a><\/div>\n<\/div>\n\n\n\n<figure class=\"wp-block-gallery has-nested-images columns-default is-cropped stretch\">\n<figure class=\"wp-block-image size-large\"><img loading=\"lazy\" width=\"520\" height=\"390\" src=\"https:\/\/www.campingdelavallee.com\/wp-content\/uploads\/2022\/03\/riviera1.jpg\" alt=\"Camping De La Vall\u00e9e (66): Riviera1\" class=\"wp-image-532\" srcset=\"https:\/\/www.campingdelavallee.com\/wp-content\/uploads\/2022\/03\/riviera1.jpg 520w, https:\/\/www.campingdelavallee.com\/wp-content\/uploads\/2022\/03\/riviera1-300x225.jpg 300w\" sizes=\"(max-width: 520px) 100vw, 520px\" \/><\/figure>\n\n\n\n<figure class=\"wp-block-image size-large\"><img loading=\"lazy\" width=\"1899\" height=\"1424\" src=\"https:\/\/www.campingdelavallee.com\/wp-content\/uploads\/2022\/03\/P1010101.jpg\" alt=\"Camping De La Vall\u00e9e (66): P1010101\" class=\"wp-image-526\" srcset=\"https:\/\/www.campingdelavallee.com\/wp-content\/uploads\/2022\/03\/P1010101.jpg 1899w, https:\/\/www.campingdelavallee.com\/wp-content\/uploads\/2022\/03\/P1010101-300x225.jpg 300w, https:\/\/www.campingdelavallee.com\/wp-content\/uploads\/2022\/03\/P1010101-1024x768.jpg 1024w, https:\/\/www.campingdelavallee.com\/wp-content\/uploads\/2022\/03\/P1010101-768x576.jpg 768w, https:\/\/www.campingdelavallee.com\/wp-content\/uploads\/2022\/03\/P1010101-1536x1152.jpg 1536w\" sizes=\"(max-width: 1899px) 100vw, 1899px\" \/><\/figure>\n<\/figure>\n<\/div>\n\n\n\n<div class=\"wp-block-column\">\n<h2 class=\"has-couleur-1-color has-text-color\" id=\"louer-un-mobil-home-pres-de-ceretdans-un-cadre-naturel-et-reposant\">Alquile una casa m\u00f3vil cerca de C\u00e9ret<br><mark style=\"background-color:rgba(0, 0, 0, 0)\" class=\"has-inline-color has-couleur-2-color\">en un entorno natural y relajante<\/mark><\/h2>\n\n\n\n<p>Lo descubrir\u00e1 muy r\u00e1pidamente, la regi\u00f3n de <strong>Languedoc Roussillon<\/strong> (Occitania) es realmente magn\u00edfica, con sus paisajes exuberantes, sus monta\u00f1as y sus lagos de encanto cautivador. La situaci\u00f3n geogr\u00e1fica del Camping de la Vall\u00e9e le permitir\u00e1 descubrirlos durante su <strong>estancia en los Pirineos orientales, entre mar y monta\u00f1a<\/strong> . Por no hablar de la variedad de animaciones a tu disposici\u00f3n para tus <strong>vacaciones en el Camping de la Vall\u00e9e, un camping low cost<\/strong> <strong>en los Pirineos Orientales<\/strong> con <a href=\"https:\/\/www.campingdelavallee.com\/es\/piscina\/\" data-type=\"page\" data-id=\"447\">piscina<\/a> . Sin embargo, unas vacaciones exitosas requieren servicios de calidad. Por eso, nuestro equipo le ofrece <strong>alquileres de mobil<\/strong> -homes amplios y c\u00f3modos de 16 m\u00b2 para dos personas y hasta 36 m\u00b2 para alojar hasta 8 personas.<\/p>\n\n\n\n<p>Sin olvidar la <strong>terraza cubierta o semicubierta<\/strong> de 8 m\u00b2 a 15 m\u00b2 seg\u00fan sus deseos. \u00a1Perfecto para disfrutar del sol mediterr\u00e1neo estando a la sombra! Pero si no te gusta el calor, no te preocupes, porque algunos de nuestros <strong>alquileres<\/strong> cuentan con <strong>aire acondicionado eficiente<\/strong> . Podr\u00e1s dormir en un ambiente fresco y tonificante. En cuanto a las personas con discapacidad, apreciar\u00e1n nuestra <strong>casa m\u00f3vil<\/strong> adaptada para minusv\u00e1lidos de 32 m\u00b2, tambi\u00e9n equipada con aire acondicionado. El Camping de la Vall\u00e9e es el lugar ideal si tambi\u00e9n busca un <strong>alquiler de mobil-homes de \u00faltima hora en los Pirineos Orientales<\/strong> .<\/p>\n<\/div>\n<\/div>\n<\/div><\/section>\n\n\n\n<section class=\"wp-container-69fa2fff767e1 wp-block-group V-20-a\"><div class=\"wp-block-group__inner-container\">\n<div class=\"wp-block-columns are-vertically-aligned-center\">\n<div class=\"wp-block-column is-vertically-aligned-center deco--montagnes\">\n<h2 class=\"has-couleur-1-color has-text-color\" id=\"profiter-de-locations-amenagees-pour-votre-detente\">Aprovecha los alquileres equipados para tu descanso<\/h2>\n\n\n\n<p>S\u00ed, queremos que te sientas c\u00f3modo durante tu estancia en <strong>tu alquiler de vacaciones en los Pirineos Orientales,<\/strong> en St Jean Pla de Corts. Tambi\u00e9n ofrecemos, en cada uno de nuestros Mobile home, una cocina donde disfrutar\u00e1s cocinando. Abiertas a la terraza para una m\u00e1xima convivencia, incluyen fregadero, vitrocer\u00e1mica, nevera, cafetera el\u00e9ctrica, microondas y televisi\u00f3n.<\/p>\n\n\n\n<p>Los aseos se componen de ducha, lavabo e inodoro, que en algunos modelos est\u00e1n separados. Entre el equipo \u00fatil, encontrar\u00e1 muebles de jard\u00edn y secadora de ropa. No hace falta que traigas vajilla, nosotros te proporcionamos la necesaria. Adem\u00e1s, se ha previsto el almacenamiento de productos alimenticios.<\/p>\n\n\n\n<div class=\"wp-container-69fa2fff757c6 wp-block-buttons deco--trait-3\">\n<div class=\"wp-block-button btn_resa\"><a class=\"wp-block-button__link has-couleur-2-background-color has-background\"><i class=\"fas fa-search\"><\/i> \u00a1Reserva r\u00e1pido!<\/a><\/div>\n<\/div>\n<\/div>\n\n\n\n<div class=\"wp-block-column is-vertically-aligned-center\">\n<figure class=\"wp-block-gallery has-nested-images columns-default is-cropped\">\n<figure class=\"wp-block-image size-large\"><img loading=\"lazy\" width=\"1899\" height=\"1424\" src=\"https:\/\/www.campingdelavallee.com\/wp-content\/uploads\/2022\/03\/P1010062.jpg\" alt=\"Camping De La Vall\u00e9e (66): P1010062\" class=\"wp-image-508\" srcset=\"https:\/\/www.campingdelavallee.com\/wp-content\/uploads\/2022\/03\/P1010062.jpg 1899w, https:\/\/www.campingdelavallee.com\/wp-content\/uploads\/2022\/03\/P1010062-300x225.jpg 300w, https:\/\/www.campingdelavallee.com\/wp-content\/uploads\/2022\/03\/P1010062-1024x768.jpg 1024w, https:\/\/www.campingdelavallee.com\/wp-content\/uploads\/2022\/03\/P1010062-768x576.jpg 768w, https:\/\/www.campingdelavallee.com\/wp-content\/uploads\/2022\/03\/P1010062-1536x1152.jpg 1536w\" sizes=\"(max-width: 1899px) 100vw, 1899px\" \/><\/figure>\n\n\n\n<figure class=\"wp-block-image size-large\"><img loading=\"lazy\" width=\"1899\" height=\"1424\" src=\"https:\/\/www.campingdelavallee.com\/wp-content\/uploads\/2022\/03\/P1010059.jpg\" alt=\"Camping De La Vall\u00e9e (66): P1010059\" class=\"wp-image-505\" srcset=\"https:\/\/www.campingdelavallee.com\/wp-content\/uploads\/2022\/03\/P1010059.jpg 1899w, https:\/\/www.campingdelavallee.com\/wp-content\/uploads\/2022\/03\/P1010059-300x225.jpg 300w, https:\/\/www.campingdelavallee.com\/wp-content\/uploads\/2022\/03\/P1010059-1024x768.jpg 1024w, https:\/\/www.campingdelavallee.com\/wp-content\/uploads\/2022\/03\/P1010059-768x576.jpg 768w, https:\/\/www.campingdelavallee.com\/wp-content\/uploads\/2022\/03\/P1010059-1536x1152.jpg 1536w\" sizes=\"(max-width: 1899px) 100vw, 1899px\" \/><\/figure>\n\n\n\n<figure class=\"wp-block-image size-large\"><img loading=\"lazy\" width=\"1899\" height=\"1424\" src=\"https:\/\/www.campingdelavallee.com\/wp-content\/uploads\/2022\/03\/P1010028.jpg\" alt=\"Camping De La Vall\u00e9e (66): P1010028\" class=\"wp-image-502\" srcset=\"https:\/\/www.campingdelavallee.com\/wp-content\/uploads\/2022\/03\/P1010028.jpg 1899w, https:\/\/www.campingdelavallee.com\/wp-content\/uploads\/2022\/03\/P1010028-300x225.jpg 300w, https:\/\/www.campingdelavallee.com\/wp-content\/uploads\/2022\/03\/P1010028-1024x768.jpg 1024w, https:\/\/www.campingdelavallee.com\/wp-content\/uploads\/2022\/03\/P1010028-768x576.jpg 768w, https:\/\/www.campingdelavallee.com\/wp-content\/uploads\/2022\/03\/P1010028-1536x1152.jpg 1536w\" sizes=\"(max-width: 1899px) 100vw, 1899px\" \/><\/figure>\n<\/figure>\n\n\n\n<div class=\"wp-container-69fa2fff76505 wp-block-group pictos column-3\">\n<div class=\"wp-container-69fa2fff75bf8 wp-block-group\"><div class=\"wp-block-group__inner-container\">\n<p class=\"has-text-align-center has-couleur-2-color has-text-color\"><i class=\"fas fa-home-heart\"><\/i><\/p>\n\n\n\n<p class=\"has-text-align-center\">Alojamiento confortable<\/p>\n<\/div><\/div>\n\n\n\n<div class=\"wp-container-69fa2fff75f1f wp-block-group\"><div class=\"wp-block-group__inner-container\">\n<p class=\"has-text-align-center has-couleur-2-color has-text-color\"><i class=\"fas fa-plus\"><\/i><\/p>\n\n\n\n<p class=\"has-text-align-center\">Alquileres equipados<\/p>\n<\/div><\/div>\n\n\n\n<div class=\"wp-container-69fa2fff76226 wp-block-group\"><div class=\"wp-block-group__inner-container\">\n<p class=\"has-text-align-center has-couleur-2-color has-text-color\"><i class=\"fas fa-trees\"><\/i><\/p>\n\n\n\n<p class=\"has-text-align-center\">vacaciones relajantes<\/p>\n<\/div><\/div>\n<\/div>\n<\/div>\n<\/div>\n<\/div><\/section>\n\n\n\n<section class=\"wp-container-69fa2fff76fed wp-block-group V-10-a deco--vague-bloc has-couleur-1-background-color has-background\"><div class=\"wp-block-group__inner-container\">\n<div class=\"wp-block-columns\">\n<div class=\"wp-block-column\">\n<figure class=\"wp-block-gallery has-nested-images columns-3 is-cropped diaporama--1\">\n<figure class=\"wp-block-image size-large carousel__slide\"><img loading=\"lazy\" width=\"1899\" height=\"1424\" src=\"https:\/\/www.campingdelavallee.com\/wp-content\/uploads\/2022\/03\/P1010066.jpg\" alt=\"Camping De La Vall\u00e9e (66): P1010066\" class=\"wp-image-511\" srcset=\"https:\/\/www.campingdelavallee.com\/wp-content\/uploads\/2022\/03\/P1010066.jpg 1899w, https:\/\/www.campingdelavallee.com\/wp-content\/uploads\/2022\/03\/P1010066-300x225.jpg 300w, https:\/\/www.campingdelavallee.com\/wp-content\/uploads\/2022\/03\/P1010066-1024x768.jpg 1024w, https:\/\/www.campingdelavallee.com\/wp-content\/uploads\/2022\/03\/P1010066-768x576.jpg 768w, https:\/\/www.campingdelavallee.com\/wp-content\/uploads\/2022\/03\/P1010066-1536x1152.jpg 1536w\" sizes=\"(max-width: 1899px) 100vw, 1899px\" \/><\/figure>\n\n\n\n<figure class=\"wp-block-image size-large carousel__slide\"><img loading=\"lazy\" width=\"1899\" height=\"1424\" src=\"https:\/\/www.campingdelavallee.com\/wp-content\/uploads\/2022\/03\/P1010073.jpg\" alt=\"Camping De La Vall\u00e9e (66): P1010073\" class=\"wp-image-514\" srcset=\"https:\/\/www.campingdelavallee.com\/wp-content\/uploads\/2022\/03\/P1010073.jpg 1899w, https:\/\/www.campingdelavallee.com\/wp-content\/uploads\/2022\/03\/P1010073-300x225.jpg 300w, https:\/\/www.campingdelavallee.com\/wp-content\/uploads\/2022\/03\/P1010073-1024x768.jpg 1024w, https:\/\/www.campingdelavallee.com\/wp-content\/uploads\/2022\/03\/P1010073-768x576.jpg 768w, https:\/\/www.campingdelavallee.com\/wp-content\/uploads\/2022\/03\/P1010073-1536x1152.jpg 1536w\" sizes=\"(max-width: 1899px) 100vw, 1899px\" \/><\/figure>\n\n\n\n<figure class=\"wp-block-image size-large carousel__slide\"><img loading=\"lazy\" width=\"1899\" height=\"1424\" src=\"https:\/\/www.campingdelavallee.com\/wp-content\/uploads\/2022\/03\/P1010077.jpg\" alt=\"Camping De La Vall\u00e9e (66): P1010077\" class=\"wp-image-517\" srcset=\"https:\/\/www.campingdelavallee.com\/wp-content\/uploads\/2022\/03\/P1010077.jpg 1899w, https:\/\/www.campingdelavallee.com\/wp-content\/uploads\/2022\/03\/P1010077-300x225.jpg 300w, https:\/\/www.campingdelavallee.com\/wp-content\/uploads\/2022\/03\/P1010077-1024x768.jpg 1024w, https:\/\/www.campingdelavallee.com\/wp-content\/uploads\/2022\/03\/P1010077-768x576.jpg 768w, https:\/\/www.campingdelavallee.com\/wp-content\/uploads\/2022\/03\/P1010077-1536x1152.jpg 1536w\" sizes=\"(max-width: 1899px) 100vw, 1899px\" \/><\/figure>\n\n\n\n<figure class=\"wp-block-image size-large carousel__slide\"><img loading=\"lazy\" width=\"1899\" height=\"1424\" src=\"https:\/\/www.campingdelavallee.com\/wp-content\/uploads\/2022\/03\/P1010081.jpg\" alt=\"Camping De La Vall\u00e9e (66): P1010081\" class=\"wp-image-520\" srcset=\"https:\/\/www.campingdelavallee.com\/wp-content\/uploads\/2022\/03\/P1010081.jpg 1899w, https:\/\/www.campingdelavallee.com\/wp-content\/uploads\/2022\/03\/P1010081-300x225.jpg 300w, https:\/\/www.campingdelavallee.com\/wp-content\/uploads\/2022\/03\/P1010081-1024x768.jpg 1024w, https:\/\/www.campingdelavallee.com\/wp-content\/uploads\/2022\/03\/P1010081-768x576.jpg 768w, https:\/\/www.campingdelavallee.com\/wp-content\/uploads\/2022\/03\/P1010081-1536x1152.jpg 1536w\" sizes=\"(max-width: 1899px) 100vw, 1899px\" \/><\/figure>\n<\/figure>\n<\/div>\n\n\n\n<div class=\"wp-block-column\">\n<h3 class=\"has-blanc-color has-text-color\" id=\"location-de-vacances-pyrenees-orientales-le-confort-comme-a-la-maison\">Alquiler de vacaciones Pyr\u00e9n\u00e9es Orientales: comodidad como en casa<\/h3>\n\n\n\n<p class=\"has-blanc-color has-text-color\">Otra ventaja interesante: algunos modelos de alquiler pueden incluir: bancos convertibles en cama doble (ideal si tienes invitados sorpresa), congelador, aire acondicionado, etc.<\/p>\n\n\n\n<p class=\"has-blanc-color has-text-color\">Finalmente, la(s) habitaci\u00f3n(es) cuentan con una o m\u00e1s camas individuales o dobles seg\u00fan sus necesidades. Solo queda saborear momentos de pura felicidad en nuestra hermosa regi\u00f3n&#8230;<\/p>\n\n\n\n<p class=\"has-blanc-color has-text-color\">El <strong>saldo de la estancia<\/strong> se paga en su totalidad <strong>30 d\u00edas antes de la llegada<\/strong> . No se conceder\u00e1 ninguna reducci\u00f3n en caso de llegada tard\u00eda o salida anticipada.<\/p>\n\n\n\n<div class=\"wp-block-group encart-information\"><div class=\"wp-block-group__inner-container\">\n<p class=\"has-text-color\" style=\"color:#ff0000\">No se proporciona ropa de cama, se pueden alquilar mantas y almohadas (8\u20ac\/manta\/estancia y 6\u20ac\/almohada\/estancia) o puedes traer la tuya.<\/p>\n<\/div><\/div>\n\n\n\n<p class=\"has-blanc-color has-text-color\">Para su informaci\u00f3n, se pueden alquilar kits de s\u00e1banas desechables.<\/p>\n\n\n\n<p class=\"has-blanc-color has-text-color\">El d\u00eda de su alquiler, se realizar\u00e1 un inventario. Cualquier da\u00f1o causado por usted estar\u00e1 sujeto a una deducci\u00f3n de su dep\u00f3sito o facturaci\u00f3n adicional.<\/p>\n\n\n\n<div class=\"wp-container-69fa2fff76d18 wp-block-buttons deco--trait-2\">\n<div class=\"wp-block-button btn_resa\"><a class=\"wp-block-button__link has-couleur-2-background-color has-background\"><i class=\"fas fa-search\"><\/i> \u00a1Reserva r\u00e1pido!<\/a><\/div>\n\n\n\n<div class=\"wp-block-button\"><a class=\"wp-block-button__link has-couleur-1-color has-blanc-background-color has-text-color has-background\" href=\"https:\/\/www.campingdelavallee.com\/es\/actividades\/\"><i class=\"fas fa-party-horn\"><\/i> ver actividades<\/a><\/div>\n<\/div>\n<\/div>\n<\/div>\n<\/div><\/section>\n\n\n\n<section class=\"wp-container-69fa2fff7773a wp-block-group V-15-a\"><div class=\"wp-block-group__inner-container\">\n<h2 class=\"has-couleur-1-color has-text-color\" id=\"assurance-annulation-pour-votre-sejour-au-camping-la-vallee-66\">Seguro de cancelaci\u00f3n para su estancia en el camping La Vall\u00e9e (66)<\/h2>\n\n\n\n<div class=\"wp-block-columns\">\n<div class=\"wp-block-column\">\n<p><strong>4% del costo de la estad\u00eda<\/strong> . Todas las reservas est\u00e1n sujetas a un dep\u00f3sito del 30% del coste total de la estancia. <strong>Se solicitar\u00e1 una fianza de 400 \u20ac<\/strong> el d\u00eda de su llegada.<\/p>\n\n\n\n<p><strong>Nuestros precios est\u00e1n calculados por semana desde el s\u00e1bado 16:00 hasta el s\u00e1bado 10:00 (en temporada o a partir de 3 noches todos los d\u00edas de la semana en temporada baja)<\/strong><\/p>\n\n\n\n<ul><li>La limpieza de los alquileres es responsabilidad de los inquilinos (o se puede elegir un paquete de limpieza de 50 \u20ac si no desea cuidarlo; este paquete no exime de la limpieza m\u00ednima requerida, as\u00ed como de los platos lavados )<\/li><li>La luz y el gas est\u00e1n incluidos en el alquiler.<\/li><li>El alquiler es v\u00e1lido cuando la direcci\u00f3n ha enviado confirmaci\u00f3n por correo o e-mail que debe presentarse el d\u00eda de llegada.<\/li><li>Cualquier retraso en la llegada o salida ser\u00e1 responsabilidad del inquilino. En caso de retraso no informado, el alquiler se mantendr\u00e1 durante 48 horas; despu\u00e9s de este per\u00edodo se puede asignar a otro inquilino<\/li><li>En caso de incumplimiento por parte del arrendatario, el importe de la fianza y los gastos de reserva seguir\u00e1n siendo adquiridos por el arrendador.<\/li><\/ul>\n\n\n\n<ul class=\"pdf_liste\"><li><a href=\"https:\/\/www.campingdelavallee.com\/wp-content\/uploads\/2025\/01\/Contrat-Location-2025-logo.pdf\" target=\"_blank\" rel=\"noopener\">Contrato de alquiler<\/a><\/li><li><a href=\"https:\/\/www.campingdelavallee.com\/wp-content\/uploads\/2024\/03\/flyer-Assurance-Annulation-Camping-2024.pdf\" target=\"_blank\" rel=\"noopener\">Seguro de anulaci\u00f3n de camping<\/a><\/li><\/ul>\n<\/div>\n\n\n\n<div class=\"wp-block-column\">\n<figure class=\"wp-block-gallery has-nested-images columns-default is-cropped stretch\">\n<figure class=\"wp-block-image size-large\"><img loading=\"lazy\" width=\"1899\" height=\"1424\" src=\"https:\/\/www.campingdelavallee.com\/wp-content\/uploads\/2022\/03\/P1010250.jpg\" alt=\"Camping De La Vall\u00e9e (66): P1010250\" class=\"wp-image-529\" srcset=\"https:\/\/www.campingdelavallee.com\/wp-content\/uploads\/2022\/03\/P1010250.jpg 1899w, https:\/\/www.campingdelavallee.com\/wp-content\/uploads\/2022\/03\/P1010250-300x225.jpg 300w, https:\/\/www.campingdelavallee.com\/wp-content\/uploads\/2022\/03\/P1010250-1024x768.jpg 1024w, https:\/\/www.campingdelavallee.com\/wp-content\/uploads\/2022\/03\/P1010250-768x576.jpg 768w, https:\/\/www.campingdelavallee.com\/wp-content\/uploads\/2022\/03\/P1010250-1536x1152.jpg 1536w\" sizes=\"(max-width: 1899px) 100vw, 1899px\" \/><\/figure>\n\n\n\n<figure class=\"wp-block-image size-large\"><img loading=\"lazy\" width=\"1899\" height=\"1424\" src=\"https:\/\/www.campingdelavallee.com\/wp-content\/uploads\/2022\/03\/P1010091.jpg\" alt=\"Camping De La Vall\u00e9e (66): P1010091\" class=\"wp-image-523\" srcset=\"https:\/\/www.campingdelavallee.com\/wp-content\/uploads\/2022\/03\/P1010091.jpg 1899w, https:\/\/www.campingdelavallee.com\/wp-content\/uploads\/2022\/03\/P1010091-300x225.jpg 300w, https:\/\/www.campingdelavallee.com\/wp-content\/uploads\/2022\/03\/P1010091-1024x768.jpg 1024w, https:\/\/www.campingdelavallee.com\/wp-content\/uploads\/2022\/03\/P1010091-768x576.jpg 768w, https:\/\/www.campingdelavallee.com\/wp-content\/uploads\/2022\/03\/P1010091-1536x1152.jpg 1536w\" sizes=\"(max-width: 1899px) 100vw, 1899px\" \/><\/figure>\n\n\n\n<figure class=\"wp-block-image size-large\"><img loading=\"lazy\" width=\"372\" height=\"292\" src=\"https:\/\/www.campingdelavallee.com\/wp-content\/uploads\/2022\/03\/loggia-1.jpg\" alt=\"Camping De La Vall\u00e9e (66): Logia 1\" class=\"wp-image-499\" srcset=\"https:\/\/www.campingdelavallee.com\/wp-content\/uploads\/2022\/03\/loggia-1.jpg 372w, https:\/\/www.campingdelavallee.com\/wp-content\/uploads\/2022\/03\/loggia-1-300x235.jpg 300w\" sizes=\"(max-width: 372px) 100vw, 372px\" \/><\/figure>\n<\/figure>\n\n\n\n<div class=\"wp-container-69fa2fff77470 wp-block-buttons\">\n<div class=\"wp-block-button is-style-outline\"><a class=\"wp-block-button__link has-couleur-1-color has-text-color\" href=\"https:\/\/www.campingdelavallee.com\/es\/galeria-de-fotos-y-videos\/\"><i class=\"fas fa-photo-film\"><\/i> ver la galer\u00eda<\/a><\/div>\n<\/div>\n<\/div>\n<\/div>\n<\/div><\/section>\n","protected":false},"excerpt":{"rendered":"<p>Alquiler de mobil-homes en los Pirineos Orientales (66) Alojarse en una casa m\u00f3vil en los Pirineos Orientales Descubra nuestra amplia gama de c\u00f3modos alquileres de mobil-homes en los Pirineos Orientales en el camping Vall\u00e9e en St Jean pla de Corts , entre C\u00e9ret y Le Boulou . Te sentir\u00e1s como en casa y as\u00ed aprovechar\u00e1s [&hellip;]<\/p>\n","protected":false},"author":1,"featured_media":0,"parent":0,"menu_order":0,"comment_status":"closed","ping_status":"closed","template":"","meta":[],"acf":[],"_links":{"self":[{"href":"https:\/\/www.campingdelavallee.com\/es\/wp-json\/wp\/v2\/pages\/1060"}],"collection":[{"href":"https:\/\/www.campingdelavallee.com\/es\/wp-json\/wp\/v2\/pages"}],"about":[{"href":"https:\/\/www.campingdelavallee.com\/es\/wp-json\/wp\/v2\/types\/page"}],"author":[{"embeddable":true,"href":"https:\/\/www.campingdelavallee.com\/es\/wp-json\/wp\/v2\/users\/1"}],"replies":[{"embeddable":true,"href":"https:\/\/www.campingdelavallee.com\/es\/wp-json\/wp\/v2\/comments?post=1060"}],"version-history":[{"count":6,"href":"https:\/\/www.campingdelavallee.com\/es\/wp-json\/wp\/v2\/pages\/1060\/revisions"}],"predecessor-version":[{"id":1998,"href":"https:\/\/www.campingdelavallee.com\/es\/wp-json\/wp\/v2\/pages\/1060\/revisions\/1998"}],"wp:attachment":[{"href":"https:\/\/www.campingdelavallee.com\/es\/wp-json\/wp\/v2\/media?parent=1060"}],"curies":[{"name":"wp","href":"https:\/\/api.w.org\/{rel}","templated":true}]}}