{"id":1036,"date":"2022-06-10T09:44:40","date_gmt":"2022-06-10T07:44:40","guid":{"rendered":"https:\/\/www.campingdelavallee.com\/camping-cerca-de-la-cote-vermeille\/"},"modified":"2023-01-24T12:21:48","modified_gmt":"2023-01-24T11:21:48","slug":"camping-cerca-de-la-cote-vermeille","status":"publish","type":"page","link":"https:\/\/www.campingdelavallee.com\/es\/camping-cerca-de-la-cote-vermeille\/","title":{"rendered":"Camping cerca de La C\u00f4te Vermeille"},"content":{"rendered":"\n<section class=\"wp-container-69d636c18bd2f wp-block-group V-05-a deco--vague-1\"><div class=\"wp-block-group__inner-container\">\n<div class=\"wp-block-columns\">\n<div class=\"wp-block-column\">\n<h1 class=\"deco--trait-1 has-couleur-1-color has-text-color\" id=\"camping-pres-de-la-cote-vermeille\">Camping cerca de La C\u00f4te Vermeille<\/h1>\n\n\n\n<p>Disfrutar de una estancia en el camping en los Pirineos Orientales ofrece multitud de paisajes por descubrir entre el mar y la monta\u00f1a. Aloj\u00e1ndose en <a href=\"https:\/\/www.campingdelavallee.com\/es\/\" data-type=\"page\" data-id=\"5\">el camping Vall\u00e9e<\/a> , los veraneantes tambi\u00e9n tendr\u00e1n la oportunidad de admirarlos. Durante su estancia en el <strong>camping de St Jean pla de Corts<\/strong> , cerca de Le <a href=\"https:\/\/www.campingdelavallee.com\/es\/alentours\/le-boulou\/\" data-type=\"alentours\" data-id=\"805\">Boulou<\/a> , ac\u00e9rquese a la <strong>C\u00f4te Vermeille<\/strong> y d\u00e9jese seducir por sus numerosas calas, sus 4 balnearios y sus paisajes naturales y preservados.<\/p>\n\n\n\n<h2 class=\"titre2 has-couleur-2-color has-text-color\" id=\"decouvrir-la-cote-vermeille-pendant-son-sejour-au-camping\">Descubra la C\u00f4te Vermeille durante su estancia en el camping<\/h2>\n\n\n\n<p>Un verdadero rinc\u00f3n del para\u00edso, la C\u00f4te Vermeille no carece de activos para seducir a los veraneantes. Te sorprender\u00e1 la diversidad de sus paisajes y relieves, entre monta\u00f1as, riachuelos, vegetaci\u00f3n y vi\u00f1edos. La C\u00f4te Vermeille se extiende durante varios kil\u00f3metros desde la playa de Racou en Argel\u00e8s hasta Cerb\u00e8re y luego termina en Espa\u00f1a a trav\u00e9s de Collioure, Port-Vendres, Banyuls-sur-Mer. En la C\u00f4te Vermeille, las actividades son tan variadas como los paisajes. As\u00ed, podr\u00e1s realizar multitud de rutas de senderismo por el camino de ronda, disfrutar de las calas y actividades acu\u00e1ticas, ba\u00f1arte y disfrutar de tus momentos de ocio en compa\u00f1\u00eda de los tuyos.<\/p>\n<\/div>\n\n\n\n<div class=\"wp-block-column\">\n<div class=\"wp-container-69d636c18ba25 wp-block-buttons\">\n<div class=\"wp-block-button is-style-outline\"><a class=\"wp-block-button__link has-couleur-1-color has-text-color\" href=\"https:\/\/www.campingdelavallee.com\/es\/galeria-de-fotos-y-videos\/\"><i class=\"fas fa-photo-film\"><\/i> ver la galer\u00eda<\/a><\/div>\n<\/div>\n\n\n\n<figure class=\"wp-block-image size-full\"><img loading=\"lazy\" width=\"750\" height=\"355\" src=\"https:\/\/www.campingdelavallee.com\/wp-content\/uploads\/2022\/04\/Eglise-notre-dame-des-anges-de-Collioure-camping-de-la-vallee-750x355-1.jpg\" alt=\"Camping De La Vall\u00e9e (66): Iglesia De Nuestra Se\u00f1ora De Los \u00c1ngeles De Collioure Camping De La Vall\u00e9e 750x355\" class=\"wp-image-819\" srcset=\"https:\/\/www.campingdelavallee.com\/wp-content\/uploads\/2022\/04\/Eglise-notre-dame-des-anges-de-Collioure-camping-de-la-vallee-750x355-1.jpg 750w, https:\/\/www.campingdelavallee.com\/wp-content\/uploads\/2022\/04\/Eglise-notre-dame-des-anges-de-Collioure-camping-de-la-vallee-750x355-1-300x142.jpg 300w\" sizes=\"(max-width: 750px) 100vw, 750px\" \/><\/figure>\n<\/div>\n<\/div>\n<\/div><\/section>\n\n\n\n<div class=\"wp-container-69d636c18c4cb wp-block-group deco--montagnes\"><div class=\"wp-block-group__inner-container\">\n<h2 class=\"has-couleur-1-color has-text-color\" id=\"rejoindre-les-stations-incontournables-de-la-cote-vermeille\">\u00danete a los resorts imperdibles de la C\u00f4te Vermeille<\/h2>\n\n\n\n<p>Durante su estancia en <strong>el camping de la Costa Vermeille<\/strong> o sus alrededores, podr\u00e1 disfrutar del Mediterr\u00e1neo adem\u00e1s de la monta\u00f1a. Tambi\u00e9n puedes ir al coraz\u00f3n de los pueblos costeros de la C\u00f4te Vermeille para admirar los paisajes y disfrutar de m\u00faltiples actividades. Entre ellos se encuentran Collioure, Port Vendres, Banyuls sur Mer y Cerb\u00e8re.<\/p>\n\n\n\n<div class=\"wp-container-69d636c18c1c8 wp-block-group encart\"><div class=\"wp-block-group__inner-container\">\n<div class=\"wp-block-columns\">\n<div class=\"wp-block-column\">\n<h3 class=\"has-couleur-2-color has-text-color\" id=\"collioure\">Colliure<\/h3>\n\n\n\n<p>Conocida por su riqueza marina, tambi\u00e9n es apreciada por su puerto pesquero y sus numerosas callejuelas. Mientras paseas por este \u00faltimo, tambi\u00e9n tendr\u00e1s la oportunidad de admirar su patrimonio arquitect\u00f3nico como el recinto medieval, que te sumergir\u00e1 en su historia. Finalmente, conozca a muchos artistas como Matisse, Picasso, Signac y muchos otros que dejaron su huella all\u00ed.<\/p>\n<\/div>\n\n\n\n<div class=\"wp-block-column\">\n<h3 class=\"has-couleur-2-color has-text-color\" id=\"port-vendres\">Puerto Vendres<\/h3>\n\n\n\n<p>Saliendo hacia Port-Vendres, puedes pasear por el puerto y relajarte en una de sus muchas calas. Tambi\u00e9n puedes practicar all\u00ed actividades n\u00e1uticas o decidir seguir el camino a Cap B\u00e9ar que te permitir\u00e1 admirar la belleza de los paisajes. A esto se suma tambi\u00e9n el yacimiento de la cala de Paulilles, una de las calas m\u00e1s bonitas de la costa catalana, clasificada Natura 2000.<\/p>\n<\/div>\n<\/div>\n\n\n\n<div class=\"wp-block-columns\">\n<div class=\"wp-block-column\">\n<h3 class=\"has-couleur-2-color has-text-color\" id=\"banyuls-sur-mer\">Banyuls-sur-Mer<\/h3>\n\n\n\n<p>En Banyuls-sur-Mer disfrutar\u00e1s de diferentes facetas con sus vi\u00f1edos, su playa y su puerto. Tambi\u00e9n puedes vivir en \u00e9poca romana gracias al antiguo oppidum, un hist\u00f3rico h\u00e1bitat romano situado en el Puig del Mas. Finalmente, para salidas culturales, ac\u00e9rcate a&lt; <a href=\"https:\/\/www.banyuls-sur-mer.com\/fr\/decouvrir\/patrimoine-culture\/musee-maillol\">Museo de Banyuls-sur-Mer<\/a> para rendir homenaje al escultor Aristide Maillol.<\/p>\n<\/div>\n\n\n\n<div class=\"wp-block-column\">\n<h3 class=\"has-couleur-2-color has-text-color\" id=\"cerbere\">cerbero<\/h3>\n\n\n\n<p>Cerb\u00e8re tambi\u00e9n se beneficia de una extraordinaria riqueza natural. Primero puede tomar las rutas de senderismo para admirar los paisajes que ofrece el balneario. As\u00ed, su puerto, sus calas, su vi\u00f1edo y su estilo arquitect\u00f3nico te esperan para una estancia inolvidable. Adem\u00e1s, puedes disfrutar de su fiesta gracias a su famosa fiesta de Saint-Sauveur o aprovechar la reserva natural marina donde respirar el aire puro de Cerb\u00e8re.<\/p>\n<\/div>\n<\/div>\n<\/div><\/div>\n\n\n\n<p><strong>\u00bfD\u00f3nde alojarse en el camping de la costa vermeille?<\/strong><\/p>\n\n\n\n<p>Quiere ir de vacaciones al <strong>camping de los Pirineos Orientales<\/strong> cerca de la C\u00f4te Vermeille, luego inscr\u00edbase en el camping de la Vall\u00e9e (66) situado entre <strong>Le Boulou<\/strong> y <a href=\"https:\/\/www.campingdelavallee.com\/es\/alentours\/ceret\/\" data-type=\"alentours\" data-id=\"797\">C\u00e9ret<\/a> . Prepara tus vacaciones y elige el alojamiento o parcela que m\u00e1s te convenga. Aprovecha los momentos de calma y relax para relajarte en familia o con amigos. Rel\u00e1jate en la piscina climatizada del camping donde podr\u00e1s realizar tus mejores clavados y disfrutar de actividades de aquagym. Finalmente, tambi\u00e9n se beneficiar\u00e1 de actividades y servicios de calidad para una estancia extraordinaria.<\/p>\n<\/div><\/div>\n","protected":false},"excerpt":{"rendered":"<p>Camping cerca de La C\u00f4te Vermeille Disfrutar de una estancia en el camping en los Pirineos Orientales ofrece multitud de paisajes por descubrir entre el mar y la monta\u00f1a. Aloj\u00e1ndose en el camping Vall\u00e9e , los veraneantes tambi\u00e9n tendr\u00e1n la oportunidad de admirarlos. Durante su estancia en el camping de St Jean pla de Corts [&hellip;]<\/p>\n","protected":false},"author":1,"featured_media":0,"parent":0,"menu_order":0,"comment_status":"closed","ping_status":"closed","template":"","meta":[],"acf":[],"_links":{"self":[{"href":"https:\/\/www.campingdelavallee.com\/es\/wp-json\/wp\/v2\/pages\/1036"}],"collection":[{"href":"https:\/\/www.campingdelavallee.com\/es\/wp-json\/wp\/v2\/pages"}],"about":[{"href":"https:\/\/www.campingdelavallee.com\/es\/wp-json\/wp\/v2\/types\/page"}],"author":[{"embeddable":true,"href":"https:\/\/www.campingdelavallee.com\/es\/wp-json\/wp\/v2\/users\/1"}],"replies":[{"embeddable":true,"href":"https:\/\/www.campingdelavallee.com\/es\/wp-json\/wp\/v2\/comments?post=1036"}],"version-history":[{"count":3,"href":"https:\/\/www.campingdelavallee.com\/es\/wp-json\/wp\/v2\/pages\/1036\/revisions"}],"predecessor-version":[{"id":1520,"href":"https:\/\/www.campingdelavallee.com\/es\/wp-json\/wp\/v2\/pages\/1036\/revisions\/1520"}],"wp:attachment":[{"href":"https:\/\/www.campingdelavallee.com\/es\/wp-json\/wp\/v2\/media?parent=1036"}],"curies":[{"name":"wp","href":"https:\/\/api.w.org\/{rel}","templated":true}]}}