{"id":1082,"date":"2022-06-10T09:57:49","date_gmt":"2022-06-10T07:57:49","guid":{"rendered":"https:\/\/www.campingdelavallee.com\/services\/"},"modified":"2026-01-09T09:26:06","modified_gmt":"2026-01-09T08:26:06","slug":"services","status":"publish","type":"page","link":"https:\/\/www.campingdelavallee.com\/en\/services\/","title":{"rendered":"Services"},"content":{"rendered":"\n<section class=\"wp-container-69ea9628d579d wp-block-group V-20-a\"><div class=\"wp-block-group__inner-container\">\n<div class=\"wp-block-columns\">\n<div class=\"wp-block-column\">\n<figure class=\"wp-block-gallery has-nested-images columns-default is-cropped\">\n<figure class=\"wp-block-image size-large\"><img loading=\"lazy\" width=\"1899\" height=\"1424\" src=\"https:\/\/www.campingdelavallee.com\/wp-content\/uploads\/2022\/04\/P1010038.jpg\" alt=\"Campsite De La Vall\u00e9e (66): P1010038\" class=\"wp-image-738\" srcset=\"https:\/\/www.campingdelavallee.com\/wp-content\/uploads\/2022\/04\/P1010038.jpg 1899w, https:\/\/www.campingdelavallee.com\/wp-content\/uploads\/2022\/04\/P1010038-300x225.jpg 300w, https:\/\/www.campingdelavallee.com\/wp-content\/uploads\/2022\/04\/P1010038-1024x768.jpg 1024w, https:\/\/www.campingdelavallee.com\/wp-content\/uploads\/2022\/04\/P1010038-768x576.jpg 768w, https:\/\/www.campingdelavallee.com\/wp-content\/uploads\/2022\/04\/P1010038-1536x1152.jpg 1536w\" sizes=\"(max-width: 1899px) 100vw, 1899px\" \/><\/figure>\n\n\n\n<figure class=\"wp-block-image size-large\"><img loading=\"lazy\" width=\"1899\" height=\"1424\" src=\"https:\/\/www.campingdelavallee.com\/wp-content\/uploads\/2022\/04\/P1010238.jpg\" alt=\"Campsite De La Vall\u00e9e (66): P1010238\" class=\"wp-image-741\" srcset=\"https:\/\/www.campingdelavallee.com\/wp-content\/uploads\/2022\/04\/P1010238.jpg 1899w, https:\/\/www.campingdelavallee.com\/wp-content\/uploads\/2022\/04\/P1010238-300x225.jpg 300w, https:\/\/www.campingdelavallee.com\/wp-content\/uploads\/2022\/04\/P1010238-1024x768.jpg 1024w, https:\/\/www.campingdelavallee.com\/wp-content\/uploads\/2022\/04\/P1010238-768x576.jpg 768w, https:\/\/www.campingdelavallee.com\/wp-content\/uploads\/2022\/04\/P1010238-1536x1152.jpg 1536w\" sizes=\"(max-width: 1899px) 100vw, 1899px\" \/><\/figure>\n\n\n\n<figure class=\"wp-block-image size-large\"><img loading=\"lazy\" width=\"1899\" height=\"1424\" src=\"https:\/\/www.campingdelavallee.com\/wp-content\/uploads\/2022\/03\/P1010235.jpg\" alt=\"Campsite De La Vall\u00e9e (66): P1010235\" class=\"wp-image-538\" srcset=\"https:\/\/www.campingdelavallee.com\/wp-content\/uploads\/2022\/03\/P1010235.jpg 1899w, https:\/\/www.campingdelavallee.com\/wp-content\/uploads\/2022\/03\/P1010235-300x225.jpg 300w, https:\/\/www.campingdelavallee.com\/wp-content\/uploads\/2022\/03\/P1010235-1024x768.jpg 1024w, https:\/\/www.campingdelavallee.com\/wp-content\/uploads\/2022\/03\/P1010235-768x576.jpg 768w, https:\/\/www.campingdelavallee.com\/wp-content\/uploads\/2022\/03\/P1010235-1536x1152.jpg 1536w\" sizes=\"(max-width: 1899px) 100vw, 1899px\" \/><\/figure>\n<\/figure>\n\n\n\n<div class=\"wp-container-69ea9628d5167 wp-block-group pictos column-4\">\n<div class=\"wp-container-69ea9628d39e4 wp-block-group\"><div class=\"wp-block-group__inner-container\">\n<p class=\"has-text-align-center has-couleur-2-color has-text-color\"><i class=\"fas fa-fork-knife\"><\/i><\/p>\n\n\n\n<p class=\"has-text-align-center\">A <strong>restaurant \/ snack bar<\/strong><\/p>\n<\/div><\/div>\n\n\n\n<div class=\"wp-container-69ea9628d3d0f wp-block-group\"><div class=\"wp-block-group__inner-container\">\n<p class=\"has-text-align-center has-couleur-2-color has-text-color\"><i class=\"fas fa-restroom-simple\"><\/i><\/p>\n\n\n\n<p class=\"has-text-align-center\">2 <strong>toilet block<\/strong><\/p>\n<\/div><\/div>\n\n\n\n<div class=\"wp-container-69ea9628d401b wp-block-group\"><div class=\"wp-block-group__inner-container\">\n<p class=\"has-text-align-center has-couleur-2-color has-text-color\"><i class=\"fas fa-wifi\"><\/i><\/p>\n\n\n\n<p class=\"has-text-align-center\">The <strong>free Wi-Fi<\/strong> network *<\/p>\n<\/div><\/div>\n\n\n\n<div class=\"wp-container-69ea9628d431e wp-block-group\"><div class=\"wp-block-group__inner-container\">\n<p class=\"has-text-align-center has-couleur-2-color has-text-color\"><i class=\"fas fa-books\"><\/i><\/p>\n\n\n\n<p class=\"has-text-align-center\">The <strong>Camp Library<\/strong> **<\/p>\n<\/div><\/div>\n\n\n\n<div class=\"wp-container-69ea9628d45f8 wp-block-group\"><div class=\"wp-block-group__inner-container\">\n<p class=\"has-text-align-center has-couleur-2-color has-text-color\"><i class=\"fas fa-ball-pile\"><\/i><\/p>\n\n\n\n<p class=\"has-text-align-center\">The <strong>games room<\/strong><br><\/p>\n<\/div><\/div>\n\n\n\n<div class=\"wp-container-69ea9628d48e4 wp-block-group\"><div class=\"wp-block-group__inner-container\">\n<p class=\"has-text-align-center has-couleur-2-color has-text-color\"><i class=\"fas fa-face-party\"><\/i><\/p>\n\n\n\n<p class=\"has-text-align-center\">The <strong>playground<\/strong><br><\/p>\n<\/div><\/div>\n\n\n\n<div class=\"wp-container-69ea9628d4c01 wp-block-group\"><div class=\"wp-block-group__inner-container\">\n<p class=\"has-text-align-center has-couleur-2-color has-text-color\"><i class=\"fas fa-baguette\"><\/i><\/p>\n\n\n\n<p class=\"has-text-align-center\">The <strong>Bread Depot<\/strong><\/p>\n<\/div><\/div>\n\n\n\n<div class=\"wp-container-69ea9628d4eeb wp-block-group\"><div class=\"wp-block-group__inner-container\">\n<p class=\"has-text-align-center has-couleur-2-color has-text-color\"><i class=\"fas fa-futbol\"><\/i><\/p>\n\n\n\n<p class=\"has-text-align-center\">The <strong>City stadium<\/strong><\/p>\n<\/div><\/div>\n<\/div>\n<\/div>\n\n\n\n<div class=\"wp-block-column deco--montagnes\">\n<h1 class=\"has-couleur-1-color has-text-color\" id=\"camping-3-etoiles-pyrenees-orientales-avec-de-nombreux-servicesles-services-de-votre-camping-3-etoiles-pyrenees-orientales\">3-star campsite Pyr\u00e9n\u00e9es Orientales with many services<\/h1>\n\n\n\n<h2 class=\"titre2 has-couleur-2-color has-text-color\" id=\"camping-3-etoiles-pyrenees-orientales-avec-de-nombreux-servicesles-services-de-votre-camping-3-etoiles-pyrenees-orientales\">The services of your 3-star campsite Pyr\u00e9n\u00e9es Orientales<\/h2>\n\n\n\n<p>During your stay at <strong>La Vall\u00e9e campsite in the Pyr\u00e9n\u00e9es Orientales (66)<\/strong> , we offer various services and leisure facilities to make it even more enjoyable. By opting for a <a href=\"https:\/\/www.campingdelavallee.com\/en\/rentals\/\" data-type=\"page\" data-id=\"443\">mobile home rental<\/a> or <a href=\"https:\/\/www.campingdelavallee.com\/en\/pitches\/\" data-type=\"page\" data-id=\"445\">camping pitch<\/a> , you will therefore benefit on site:<\/p>\n\n\n\n<p><em>* The <strong>free Wifi<\/strong> network in low season, paying in high season<\/em><\/p>\n\n\n\n<p>**  <em>Practice ! We also offer a <strong>small self-service library<\/strong> , to accompany your moments of relaxation. You will indeed have the possibility of borrowing one or more books during your stay, but also that of coming to \u201cfeed\u201d the camp library with books that you have brought with you and that you wish to leave with other holidaymakers!<\/em><\/p>\n\n\n\n<div class=\"wp-container-69ea9628d54f2 wp-block-buttons deco--trait-3\">\n<div class=\"wp-block-button\"><a class=\"wp-block-button__link has-couleur-1-background-color has-background\" href=\"https:\/\/www.campingdelavallee.com\/en\/activities\/\"><i class=\"fas fa-party-horn\"><\/i> See activities<\/a><\/div>\n<\/div>\n<\/div>\n<\/div>\n<\/div><\/section>\n\n\n\n<section class=\"wp-container-69ea9628d70e5 wp-block-group V-15-a deco--vague-bloc has-couleur-1-background-color has-background\"><div class=\"wp-block-group__inner-container\">\n<h2 class=\"has-blanc-color has-text-color\" id=\"les-prets-et-locations-au-camping-de-la-vallee-66\">Loans and rentals at La Vall\u00e9e campsite (66)<\/h2>\n\n\n\n<div class=\"wp-block-columns\">\n<div class=\"wp-block-column\">\n<p class=\"has-blanc-color has-text-color\">To facilitate the organization of your <strong>stay in the mountains<\/strong> and avoid cluttering up your vehicle, you can rely on the <strong>La Vall\u00e9e campsite<\/strong> loan and rental service. Among them, you will find:<\/p>\n\n\n\n<div class=\"wp-container-69ea9628d6a0d wp-block-group pictos column-3 small\">\n<div class=\"wp-container-69ea9628d5b5a wp-block-group\"><div class=\"wp-block-group__inner-container\">\n<p class=\"has-text-align-center has-blanc-color has-text-color\"><i class=\"fas fa-refrigerator\"><\/i><\/p>\n\n\n\n<p class=\"has-text-align-center has-blanc-color has-text-color\">Fridge rental<\/p>\n\n\n\n<p class=\"has-text-align-center has-blanc-color has-text-color\"><em>(4\u20ac\/day)<\/em><\/p>\n<\/div><\/div>\n\n\n\n<div class=\"wp-container-69ea9628d5e72 wp-block-group\"><div class=\"wp-block-group__inner-container\">\n<p class=\"has-text-align-center has-blanc-color has-text-color\"><i class=\"fas fa-shish-kebab\"><\/i><\/p>\n\n\n\n<p class=\"has-text-align-center has-blanc-color has-text-color\">Gas barbecue rental<\/p>\n<\/div><\/div>\n\n\n\n<div class=\"wp-container-69ea9628d615f wp-block-group\"><div class=\"wp-block-group__inner-container\">\n<p class=\"has-text-align-center has-blanc-color has-text-color\"><i class=\"fas fa-washing-machine\"><\/i><\/p>\n\n\n\n<p class=\"has-text-align-center has-blanc-color has-text-color\">2 washing machines and 1 dryer<\/p>\n\n\n\n<p class=\"has-text-align-center has-blanc-color has-text-color\"><em>(\u20ac5 per token, available at reception)<\/em><\/p>\n<\/div><\/div>\n\n\n\n<div class=\"wp-container-69ea9628d645a wp-block-group\"><div class=\"wp-block-group__inner-container\">\n<p class=\"has-text-align-center has-blanc-color has-text-color\"><i class=\"fas fa-blanket\"><\/i><\/p>\n\n\n\n<p class=\"has-text-align-center has-blanc-color has-text-color\">Pillow and blanket rental<\/p>\n\n\n\n<p class=\"has-text-align-center has-blanc-color has-text-color\"><em>(to be provided in advance) but no sheets.<\/em><\/p>\n<\/div><\/div>\n\n\n\n<div class=\"wp-container-69ea9628d6770 wp-block-group\"><div class=\"wp-block-group__inner-container\">\n<p class=\"has-text-align-center has-blanc-color has-text-color\"><i class=\"fas fa-baby\"><\/i><\/p>\n\n\n\n<p class=\"has-text-align-center has-blanc-color has-text-color\">Baby kit rental including a travel cot<\/p>\n\n\n\n<p class=\"has-text-align-center has-blanc-color has-text-color\"><em>(+ mattress, undersheet and fitted sheet), a high chair<\/em><\/p>\n<\/div><\/div>\n<\/div>\n\n\n\n<div class=\"wp-block-group encart-information\"><div class=\"wp-block-group__inner-container\">\n<p>The reception is open from 8:30 a.m. to 12 p.m. and from 2 p.m. to 7 p.m.<\/p>\n\n\n\n<p>The bar and restaurant are open from 1 May to 30 September 2026.<\/p>\n<\/div><\/div>\n<\/div>\n\n\n\n<div class=\"wp-block-column\">\n<figure class=\"wp-block-gallery has-nested-images columns-default is-cropped stretch\">\n<figure class=\"wp-block-image size-large\"><img loading=\"lazy\" width=\"1899\" height=\"1424\" src=\"https:\/\/www.campingdelavallee.com\/wp-content\/uploads\/2022\/04\/P1010113.jpg\" alt=\"Campsite De La Vall\u00e9e (66): P1010113\" class=\"wp-image-747\" srcset=\"https:\/\/www.campingdelavallee.com\/wp-content\/uploads\/2022\/04\/P1010113.jpg 1899w, https:\/\/www.campingdelavallee.com\/wp-content\/uploads\/2022\/04\/P1010113-300x225.jpg 300w, https:\/\/www.campingdelavallee.com\/wp-content\/uploads\/2022\/04\/P1010113-1024x768.jpg 1024w, https:\/\/www.campingdelavallee.com\/wp-content\/uploads\/2022\/04\/P1010113-768x576.jpg 768w, https:\/\/www.campingdelavallee.com\/wp-content\/uploads\/2022\/04\/P1010113-1536x1152.jpg 1536w\" sizes=\"(max-width: 1899px) 100vw, 1899px\" \/><\/figure>\n\n\n\n<figure class=\"wp-block-image size-large\"><img loading=\"lazy\" width=\"1899\" height=\"1424\" src=\"https:\/\/www.campingdelavallee.com\/wp-content\/uploads\/2022\/04\/P1010260.jpg\" alt=\"Campsite De La Vall\u00e9e (66): P1010260\" class=\"wp-image-750\" srcset=\"https:\/\/www.campingdelavallee.com\/wp-content\/uploads\/2022\/04\/P1010260.jpg 1899w, https:\/\/www.campingdelavallee.com\/wp-content\/uploads\/2022\/04\/P1010260-300x225.jpg 300w, https:\/\/www.campingdelavallee.com\/wp-content\/uploads\/2022\/04\/P1010260-1024x768.jpg 1024w, https:\/\/www.campingdelavallee.com\/wp-content\/uploads\/2022\/04\/P1010260-768x576.jpg 768w, https:\/\/www.campingdelavallee.com\/wp-content\/uploads\/2022\/04\/P1010260-1536x1152.jpg 1536w\" sizes=\"(max-width: 1899px) 100vw, 1899px\" \/><\/figure>\n\n\n\n<figure class=\"wp-block-image size-large\"><img loading=\"lazy\" width=\"768\" height=\"1024\" src=\"https:\/\/www.campingdelavallee.com\/wp-content\/uploads\/2022\/04\/IMG_4192-768x1024-1.jpg\" alt=\"Camping De La Vall\u00e9e (66): Img 4192 768x1024\" class=\"wp-image-753\" srcset=\"https:\/\/www.campingdelavallee.com\/wp-content\/uploads\/2022\/04\/IMG_4192-768x1024-1.jpg 768w, https:\/\/www.campingdelavallee.com\/wp-content\/uploads\/2022\/04\/IMG_4192-768x1024-1-225x300.jpg 225w\" sizes=\"(max-width: 768px) 100vw, 768px\" \/><\/figure>\n<\/figure>\n\n\n\n<div class=\"wp-container-69ea9628d6e02 wp-block-buttons\">\n<div class=\"wp-block-button\"><a class=\"wp-block-button__link has-typo-color has-blanc-background-color has-text-color has-background\" href=\"https:\/\/www.campingdelavallee.com\/en\/activities\/\"><i class=\"fas fa-party-horn\"><\/i> See activities<\/a><\/div>\n\n\n\n<div class=\"wp-block-button is-style-outline\"><a class=\"wp-block-button__link has-blanc-color has-text-color\" href=\"https:\/\/www.campingdelavallee.com\/en\/photo-video-gallery\/\"><i class=\"fas fa-photo-film\"><\/i> See the gallery<\/a><\/div>\n<\/div>\n<\/div>\n<\/div>\n<\/div><\/section>\n\n\n\n<section class=\"wp-container-69ea9628d77a3 wp-block-group V-05-a deco--vague-1\"><div class=\"wp-block-group__inner-container\">\n<div class=\"wp-block-columns\">\n<div class=\"wp-block-column\">\n<div class=\"wp-container-69ea9628d740d wp-block-buttons\">\n<div class=\"wp-block-button is-style-outline\"><a class=\"wp-block-button__link has-couleur-1-color has-text-color\" href=\"https:\/\/www.campingdelavallee.com\/en\/photo-video-gallery\/\"><i class=\"fas fa-photo-film\"><\/i> See the gallery<\/a><\/div>\n<\/div>\n\n\n\n<figure class=\"wp-block-gallery has-nested-images columns-default is-cropped stretch\">\n<figure class=\"wp-block-image size-large\"><img loading=\"lazy\" width=\"1024\" height=\"768\" src=\"https:\/\/www.campingdelavallee.com\/wp-content\/uploads\/2022\/04\/P1010227-1024x768-1.jpg\" alt=\"Campsite De La Vall\u00e9e (66): P1010227 1024x768\" class=\"wp-image-759\" srcset=\"https:\/\/www.campingdelavallee.com\/wp-content\/uploads\/2022\/04\/P1010227-1024x768-1.jpg 1024w, https:\/\/www.campingdelavallee.com\/wp-content\/uploads\/2022\/04\/P1010227-1024x768-1-300x225.jpg 300w, https:\/\/www.campingdelavallee.com\/wp-content\/uploads\/2022\/04\/P1010227-1024x768-1-768x576.jpg 768w\" sizes=\"(max-width: 1024px) 100vw, 1024px\" \/><\/figure>\n\n\n\n<figure class=\"wp-block-image size-large\"><img loading=\"lazy\" width=\"1899\" height=\"1424\" src=\"https:\/\/www.campingdelavallee.com\/wp-content\/uploads\/2022\/04\/P1010317.jpg\" alt=\"Campsite De La Vall\u00e9e (66): P1010317\" class=\"wp-image-762\" srcset=\"https:\/\/www.campingdelavallee.com\/wp-content\/uploads\/2022\/04\/P1010317.jpg 1899w, https:\/\/www.campingdelavallee.com\/wp-content\/uploads\/2022\/04\/P1010317-300x225.jpg 300w, https:\/\/www.campingdelavallee.com\/wp-content\/uploads\/2022\/04\/P1010317-1024x768.jpg 1024w, https:\/\/www.campingdelavallee.com\/wp-content\/uploads\/2022\/04\/P1010317-768x576.jpg 768w, https:\/\/www.campingdelavallee.com\/wp-content\/uploads\/2022\/04\/P1010317-1536x1152.jpg 1536w\" sizes=\"(max-width: 1899px) 100vw, 1899px\" \/><\/figure>\n<\/figure>\n<\/div>\n\n\n\n<div class=\"wp-block-column\">\n<h3 class=\"titre1 has-couleur-1-color has-text-color\" id=\"votre-camping-languedoc-roussillon-3-etoiles-est-accessible-aux-personnes-a-mobilite-reduite\">Your 3-star Languedoc Roussillon campsite is accessible to people with reduced mobility<\/h3>\n\n\n\n<p>The <strong>3-star Pyr\u00e9n\u00e9es Orientales de la Vall\u00e9e campsite<\/strong> is partly <strong>accessible to people with reduced mobility<\/strong> . Access to the pitches, to the <a href=\"https:\/\/www.campingdelavallee.com\/en\/pool\/\" data-type=\"page\" data-id=\"447\">heated swimming pool<\/a> , to the bar and to the toilets and in particular to the sanitary room reserved for them, is facilitated by access ramps. A <a href=\"https:\/\/www.campingdelavallee.com\/en\/rentals\/\" data-type=\"page\" data-id=\"443\">Mobile home adapted for people with reduced mobility and air-conditioned<\/a> is also installed on your <strong>campsite in St Jean Pla de Corts<\/strong> .<\/p>\n<\/div>\n<\/div>\n<\/div><\/section>\n","protected":false},"excerpt":{"rendered":"<p>A restaurant \/ snack bar 2 toilet block The free Wi-Fi network * The Camp Library ** The games room The playground The Bread Depot The City stadium 3-star campsite Pyr\u00e9n\u00e9es Orientales with many services The services of your 3-star campsite Pyr\u00e9n\u00e9es Orientales During your stay at La Vall\u00e9e campsite in the Pyr\u00e9n\u00e9es Orientales (66) [&hellip;]<\/p>\n","protected":false},"author":1,"featured_media":0,"parent":0,"menu_order":0,"comment_status":"closed","ping_status":"closed","template":"","meta":[],"acf":[],"_links":{"self":[{"href":"https:\/\/www.campingdelavallee.com\/en\/wp-json\/wp\/v2\/pages\/1082"}],"collection":[{"href":"https:\/\/www.campingdelavallee.com\/en\/wp-json\/wp\/v2\/pages"}],"about":[{"href":"https:\/\/www.campingdelavallee.com\/en\/wp-json\/wp\/v2\/types\/page"}],"author":[{"embeddable":true,"href":"https:\/\/www.campingdelavallee.com\/en\/wp-json\/wp\/v2\/users\/1"}],"replies":[{"embeddable":true,"href":"https:\/\/www.campingdelavallee.com\/en\/wp-json\/wp\/v2\/comments?post=1082"}],"version-history":[{"count":6,"href":"https:\/\/www.campingdelavallee.com\/en\/wp-json\/wp\/v2\/pages\/1082\/revisions"}],"predecessor-version":[{"id":2170,"href":"https:\/\/www.campingdelavallee.com\/en\/wp-json\/wp\/v2\/pages\/1082\/revisions\/2170"}],"wp:attachment":[{"href":"https:\/\/www.campingdelavallee.com\/en\/wp-json\/wp\/v2\/media?parent=1082"}],"curies":[{"name":"wp","href":"https:\/\/api.w.org\/{rel}","templated":true}]}}