{"id":1050,"date":"2022-06-10T09:51:11","date_gmt":"2022-06-10T07:51:11","guid":{"rendered":"https:\/\/www.campingdelavallee.com\/pitches\/"},"modified":"2025-04-30T10:22:04","modified_gmt":"2025-04-30T08:22:04","slug":"pitches","status":"publish","type":"page","link":"https:\/\/www.campingdelavallee.com\/en\/pitches\/","title":{"rendered":"Pitches"},"content":{"rendered":"\n<section class=\"wp-container-69d349dace2d2 wp-block-group V-15-a deco--vague-bloc has-bg-1-background-color has-background\"><div class=\"wp-block-group__inner-container\">\n<h1 class=\"has-couleur-1-color has-text-color\" id=\"emplacement-camping-pyrenees-orientales-entre-ceret-et-le-boulou\">Pyr\u00e9n\u00e9es Orientales campsite pitch between C\u00e9ret and Le Boulou<\/h1>\n\n\n\n<h2 class=\"titre2 has-couleur-2-color has-text-color\" id=\"passer-des-vacances-en-camping-pyrenees-orientales-pres-de-la-frontiere-espagnole\">Spending a camping holiday in the Pyr\u00e9n\u00e9es Orientales near the Spanish border<\/h2>\n\n\n\n<div class=\"wp-block-columns\">\n<div class=\"wp-block-column\">\n<div class=\"wp-container-69d349dacdbc8 wp-block-group pictos column-4\">\n<div class=\"wp-container-69d349dacd035 wp-block-group\"><div class=\"wp-block-group__inner-container\">\n<p class=\"has-text-align-center has-couleur-1-color has-text-color\"><i class=\"fas fa-campground\"><\/i><\/p>\n\n\n\n<p class=\"has-text-align-center has-couleur-1-color has-text-color\">Attempted<\/p>\n<\/div><\/div>\n\n\n\n<div class=\"wp-container-69d349dacd32f wp-block-group\"><div class=\"wp-block-group__inner-container\">\n<p class=\"has-text-align-center has-couleur-1-color has-text-color\"><i class=\"fas fa-caravan\"><\/i><\/p>\n\n\n\n<p class=\"has-text-align-center has-couleur-1-color has-text-color\">Caravan<\/p>\n<\/div><\/div>\n\n\n\n<div class=\"wp-container-69d349dacd62a wp-block-group\"><div class=\"wp-block-group__inner-container\">\n<p class=\"has-text-align-center has-couleur-1-color has-text-color\"><i class=\"fas fa-rv\"><\/i><\/p>\n\n\n\n<p class=\"has-text-align-center has-couleur-1-color has-text-color\">Camping car<\/p>\n<\/div><\/div>\n\n\n\n<div class=\"wp-container-69d349dacd941 wp-block-group\"><div class=\"wp-block-group__inner-container\">\n<p class=\"has-text-align-center has-couleur-1-color has-text-color\"><i class=\"fas fa-star\"><\/i><\/p>\n\n\n\n<p class=\"has-text-align-center has-couleur-1-color has-text-color\">ACSI customer<\/p>\n<\/div><\/div>\n<\/div>\n\n\n\n<p>Want to enjoy a stay at the <strong>campsite near the Spanish border<\/strong> and the C <strong>\u00f4te Vermeille<\/strong> ? The 3-star La Vall\u00e9e campsite welcomes you a few kilometers from Spain at the foot of <strong>the Alb\u00e8res massif<\/strong> in <strong>St Jean Pla de Corts<\/strong> , near Le <a href=\"https:\/\/www.campingdelavallee.com\/en\/alentours\/le-boulou\/\" data-type=\"alentours\" data-id=\"805\">Boulou<\/a> (and its thermal baths) and <a href=\"https:\/\/www.campingdelavallee.com\/en\/alentours\/ceret\/\" data-type=\"alentours\" data-id=\"797\">C\u00e9ret<\/a> . Located both in the mountains while being close to the sea, our <strong>campsite in the Pyr\u00e9n\u00e9es Orientales<\/strong> offers a multitude of outings and activities to do nearby while enjoying a calm and relaxing environment.<\/p>\n<\/div>\n\n\n\n<div class=\"wp-block-column\">\n<figure class=\"wp-block-gallery has-nested-images columns-default is-cropped stretch\">\n<figure class=\"wp-block-image size-large\"><img loading=\"lazy\" width=\"1024\" height=\"768\" src=\"https:\/\/www.campingdelavallee.com\/wp-content\/uploads\/2022\/04\/P1010197-990x440-1.jpg\" alt=\"Campsite De La Vall\u00e9e (66): P1010197 990x440\" class=\"wp-image-598\" srcset=\"https:\/\/www.campingdelavallee.com\/wp-content\/uploads\/2022\/04\/P1010197-990x440-1.jpg 1024w, https:\/\/www.campingdelavallee.com\/wp-content\/uploads\/2022\/04\/P1010197-990x440-1-300x225.jpg 300w, https:\/\/www.campingdelavallee.com\/wp-content\/uploads\/2022\/04\/P1010197-990x440-1-768x576.jpg 768w\" sizes=\"(max-width: 1024px) 100vw, 1024px\" \/><\/figure>\n\n\n\n<figure class=\"wp-block-image size-large\"><img loading=\"lazy\" width=\"1024\" height=\"768\" src=\"https:\/\/www.campingdelavallee.com\/wp-content\/uploads\/2022\/04\/P1010244-1024x768-1.jpg\" alt=\"Campsite De La Vall\u00e9e (66): P1010244 1024x768\" class=\"wp-image-601\" srcset=\"https:\/\/www.campingdelavallee.com\/wp-content\/uploads\/2022\/04\/P1010244-1024x768-1.jpg 1024w, https:\/\/www.campingdelavallee.com\/wp-content\/uploads\/2022\/04\/P1010244-1024x768-1-300x225.jpg 300w, https:\/\/www.campingdelavallee.com\/wp-content\/uploads\/2022\/04\/P1010244-1024x768-1-768x576.jpg 768w\" sizes=\"(max-width: 1024px) 100vw, 1024px\" \/><\/figure>\n\n\n\n<figure class=\"wp-block-image size-large\"><img loading=\"lazy\" width=\"1000\" height=\"750\" src=\"https:\/\/www.campingdelavallee.com\/wp-content\/uploads\/2022\/04\/P1200630-1.jpg\" alt=\"Campsite De La Vall\u00e9e (66): P1200630 1\" class=\"wp-image-604\" srcset=\"https:\/\/www.campingdelavallee.com\/wp-content\/uploads\/2022\/04\/P1200630-1.jpg 1000w, https:\/\/www.campingdelavallee.com\/wp-content\/uploads\/2022\/04\/P1200630-1-300x225.jpg 300w, https:\/\/www.campingdelavallee.com\/wp-content\/uploads\/2022\/04\/P1200630-1-768x576.jpg 768w\" sizes=\"(max-width: 1000px) 100vw, 1000px\" \/><\/figure>\n<\/figure>\n\n\n\n<div class=\"wp-container-69d349dacdfbd wp-block-buttons\">\n<div class=\"wp-block-button btn_resa\"><a class=\"wp-block-button__link has-couleur-2-background-color has-background\"><i class=\"fas fa-search\"><\/i> Book quickly!<\/a><\/div>\n\n\n\n<div class=\"wp-block-button is-style-outline\"><a class=\"wp-block-button__link has-couleur-4-color has-text-color\" href=\"https:\/\/www.campingdelavallee.com\/en\/photo-video-gallery\/\"><i class=\"fas fa-photo-film\"><\/i> See the gallery<\/a><\/div>\n<\/div>\n<\/div>\n<\/div>\n\n\n\n<div class=\"wp-block-group encart-alerte\"><div class=\"wp-block-group__inner-container\">\n<p class=\"titre2\">Are you an ACSI customer?<\/p>\n\n\n\n<p>Take advantage of a rate for 2 people &amp; 1 pet (1st and 2nd category dogs prohibited) &amp; electricity at \u20ac17 per night. Please note that the tourist tax and eco-participation are not included in this price.<\/p>\n\n\n\n<p>Available online from 01 April to 04 July 2025 and from 23 August to 31 October 2025. When booking, choose the ACSI customer option. For more information, please contact us!<\/p>\n<\/div><\/div>\n<\/div><\/section>\n\n\n\n<section class=\"wp-container-69d349dace9d4 wp-block-group V-05-a\"><div class=\"wp-block-group__inner-container\">\n<div class=\"wp-block-columns\">\n<div class=\"wp-block-column deco--montagnes\">\n<h3 class=\"deco--trait-1 titre1 has-couleur-1-color has-text-color\" id=\"sejourner-dans-un-camping-familial-pyrenees-orientales-a-votre-ecoute-1\">Stay in a family campsite Pyr\u00e9n\u00e9es Orientales at your service<\/h3>\n\n\n\n<p>Whether you prefer the sun, the shade, or a little of both, camping near the sea in Languedoc Roussillon de la Vall\u00e9e, we offer different types of <strong>Pyr\u00e9n\u00e9es Orientales camping pitches for tents, caravans or motorhomes that<\/strong> can accommodate from 2 to 8 people. Indeed, as far as possible, you can tell us what you prefer: if you want to be close to the services and equipment of the campsite, entertainment, sanitary facilities, or on the contrary in a quieter area.<\/p>\n\n\n\n<p>Our camping team in the 66 <strong>will do their best to allocate you a pitch corresponding to your holiday accommodation<\/strong> (tent, caravan, motorhome, van, etc.). To do this, simply fill in the dimensions and characteristics on your campsite reservation contract in Languedoc Roussillon!<\/p>\n\n\n\n<ul class=\"pdf_liste\"><li><a href=\"https:\/\/www.campingdelavallee.com\/wp-content\/uploads\/2025\/01\/CONTRAT-EMPLACEMENT-2025-logo.pdf\" target=\"_blank\" rel=\"noopener\">Pitch rental contract<\/a><\/li><li><a href=\"https:\/\/www.campingdelavallee.com\/wp-content\/uploads\/2024\/03\/flyer-Assurance-Annulation-Camping-2024.pdf\" target=\"_blank\" rel=\"noopener\">Camping Cancellation Insurance<\/a><\/li><\/ul>\n<\/div>\n\n\n\n<div class=\"wp-block-column\">\n<div class=\"wp-container-69d349dace696 wp-block-buttons\">\n<div class=\"wp-block-button is-style-outline\"><a class=\"wp-block-button__link has-couleur-1-color has-text-color\" href=\"https:\/\/www.campingdelavallee.com\/en\/photo-video-gallery\/\"><i class=\"fas fa-photo-film\"><\/i> See the gallery<\/a><\/div>\n<\/div>\n\n\n\n<figure class=\"wp-block-gallery has-nested-images columns-default is-cropped stretch\">\n<figure class=\"wp-block-image size-large\"><img loading=\"lazy\" width=\"1024\" height=\"768\" src=\"https:\/\/www.campingdelavallee.com\/wp-content\/uploads\/2022\/04\/P1010046-990x440-1.jpg\" alt=\"\" class=\"wp-image-607\" srcset=\"https:\/\/www.campingdelavallee.com\/wp-content\/uploads\/2022\/04\/P1010046-990x440-1.jpg 1024w, https:\/\/www.campingdelavallee.com\/wp-content\/uploads\/2022\/04\/P1010046-990x440-1-300x225.jpg 300w, https:\/\/www.campingdelavallee.com\/wp-content\/uploads\/2022\/04\/P1010046-990x440-1-768x576.jpg 768w\" sizes=\"(max-width: 1024px) 100vw, 1024px\" \/><\/figure>\n\n\n\n<figure class=\"wp-block-image size-large\"><img loading=\"lazy\" width=\"1000\" height=\"750\" src=\"https:\/\/www.campingdelavallee.com\/wp-content\/uploads\/2022\/04\/P1200637-1.jpg\" alt=\"\" class=\"wp-image-608\" srcset=\"https:\/\/www.campingdelavallee.com\/wp-content\/uploads\/2022\/04\/P1200637-1.jpg 1000w, https:\/\/www.campingdelavallee.com\/wp-content\/uploads\/2022\/04\/P1200637-1-300x225.jpg 300w, https:\/\/www.campingdelavallee.com\/wp-content\/uploads\/2022\/04\/P1200637-1-768x576.jpg 768w\" sizes=\"(max-width: 1000px) 100vw, 1000px\" \/><\/figure>\n<\/figure>\n<\/div>\n<\/div>\n<\/div><\/section>\n\n\n\n<section class=\"wp-container-69d349dacfe5f wp-block-group alignfull V-25-a deco--vague-2\"><div class=\"wp-block-group__inner-container\">\n<div class=\"wp-block-columns\">\n<div class=\"wp-block-column is-vertically-aligned-top\">\n<figure class=\"wp-block-image size-full\"><img loading=\"lazy\" width=\"1024\" height=\"768\" src=\"https:\/\/www.campingdelavallee.com\/wp-content\/uploads\/2022\/04\/P1010028-1024x768-1.jpg\" alt=\"\" class=\"wp-image-613\" srcset=\"https:\/\/www.campingdelavallee.com\/wp-content\/uploads\/2022\/04\/P1010028-1024x768-1.jpg 1024w, https:\/\/www.campingdelavallee.com\/wp-content\/uploads\/2022\/04\/P1010028-1024x768-1-300x225.jpg 300w, https:\/\/www.campingdelavallee.com\/wp-content\/uploads\/2022\/04\/P1010028-1024x768-1-768x576.jpg 768w\" sizes=\"(max-width: 1024px) 100vw, 1024px\" \/><\/figure>\n<\/div>\n\n\n\n<div class=\"wp-block-column is-vertically-aligned-center\" style=\"flex-basis:34vw\">\n<h3 class=\"has-text-align-center has-couleur-2-color has-text-color\" id=\"beneficier-de-tarifs-degressifs-pour-votre-emplacement-en-camping-pas-cher-pyrenees-orientales-1\">Benefit from decreasing rates for your cheap camping pitch in Pyr\u00e9n\u00e9es Orientales<\/h3>\n\n\n\n<p class=\"has-text-align-center\">At Camping de la Vall\u00e9e, come and enjoy a stay at the <strong>campsite in the 66<\/strong> at <strong>reduced prices<\/strong> thanks to our stay offers at decreasing prices (valid outside the months of July and August):<\/p>\n\n\n\n<div class=\"wp-container-69d349dacf89d wp-block-group pictos column-4\">\n<div class=\"wp-container-69d349daced7e wp-block-group\"><div class=\"wp-block-group__inner-container\">\n<p class=\"has-text-align-center has-couleur-2-color has-text-color\"><i class=\"fas fa-badge-percent\"><\/i><\/p>\n\n\n\n<p class=\"has-text-align-center\">-5% for stays of 8 to 14 nights<\/p>\n<\/div><\/div>\n\n\n\n<div class=\"wp-container-69d349dacf059 wp-block-group\"><div class=\"wp-block-group__inner-container\">\n<p class=\"has-text-align-center has-couleur-2-color has-text-color\"><i class=\"fas fa-badge-percent\"><\/i><\/p>\n\n\n\n<p class=\"has-text-align-center\">-10% for stays of 15 to 21 nights<\/p>\n<\/div><\/div>\n\n\n\n<div class=\"wp-container-69d349dacf333 wp-block-group\"><div class=\"wp-block-group__inner-container\">\n<p class=\"has-text-align-center has-couleur-2-color has-text-color\"><i class=\"fas fa-badge-percent\"><\/i><\/p>\n\n\n\n<p class=\"has-text-align-center\">-15% for stays of 22 to 28 nights<\/p>\n<\/div><\/div>\n\n\n\n<div class=\"wp-container-69d349dacf5fd wp-block-group\"><div class=\"wp-block-group__inner-container\">\n<p class=\"has-text-align-center has-couleur-2-color has-text-color\"><i class=\"fas fa-badge-percent\"><\/i><\/p>\n\n\n\n<p class=\"has-text-align-center\">-20% for stays of more than 29 nights<\/p>\n<\/div><\/div>\n<\/div>\n\n\n\n<div class=\"wp-container-69d349dacfb74 wp-block-buttons\">\n<div class=\"wp-block-button btn_resa\"><a class=\"wp-block-button__link has-couleur-2-background-color has-background\"><i class=\"fas fa-search\"><\/i> Book quickly!<\/a><\/div>\n\n\n\n<div class=\"wp-block-button\"><a class=\"wp-block-button__link has-couleur-1-background-color has-background\" href=\"https:\/\/www.campingdelavallee.com\/en\/activities\/\"><i class=\"fas fa-party-horn\"><\/i> See activities<\/a><\/div>\n<\/div>\n<\/div>\n\n\n\n<div class=\"wp-block-column is-vertically-aligned-bottom\">\n<figure class=\"wp-block-image size-full deco--trait-1\"><img loading=\"lazy\" width=\"990\" height=\"440\" src=\"https:\/\/www.campingdelavallee.com\/wp-content\/uploads\/2022\/04\/emplacement1-990x440-1.jpg\" alt=\"\" class=\"wp-image-616\" srcset=\"https:\/\/www.campingdelavallee.com\/wp-content\/uploads\/2022\/04\/emplacement1-990x440-1.jpg 990w, https:\/\/www.campingdelavallee.com\/wp-content\/uploads\/2022\/04\/emplacement1-990x440-1-300x133.jpg 300w, https:\/\/www.campingdelavallee.com\/wp-content\/uploads\/2022\/04\/emplacement1-990x440-1-768x341.jpg 768w\" sizes=\"(max-width: 990px) 100vw, 990px\" \/><\/figure>\n<\/div>\n<\/div>\n<\/div><\/section>\n","protected":false},"excerpt":{"rendered":"<p>Pyr\u00e9n\u00e9es Orientales campsite pitch between C\u00e9ret and Le Boulou Spending a camping holiday in the Pyr\u00e9n\u00e9es Orientales near the Spanish border Attempted Caravan Camping car ACSI customer Want to enjoy a stay at the campsite near the Spanish border and the C \u00f4te Vermeille ? The 3-star La Vall\u00e9e campsite welcomes you a few kilometers [&hellip;]<\/p>\n","protected":false},"author":1,"featured_media":0,"parent":0,"menu_order":0,"comment_status":"closed","ping_status":"closed","template":"","meta":[],"acf":[],"_links":{"self":[{"href":"https:\/\/www.campingdelavallee.com\/en\/wp-json\/wp\/v2\/pages\/1050"}],"collection":[{"href":"https:\/\/www.campingdelavallee.com\/en\/wp-json\/wp\/v2\/pages"}],"about":[{"href":"https:\/\/www.campingdelavallee.com\/en\/wp-json\/wp\/v2\/types\/page"}],"author":[{"embeddable":true,"href":"https:\/\/www.campingdelavallee.com\/en\/wp-json\/wp\/v2\/users\/1"}],"replies":[{"embeddable":true,"href":"https:\/\/www.campingdelavallee.com\/en\/wp-json\/wp\/v2\/comments?post=1050"}],"version-history":[{"count":6,"href":"https:\/\/www.campingdelavallee.com\/en\/wp-json\/wp\/v2\/pages\/1050\/revisions"}],"predecessor-version":[{"id":2047,"href":"https:\/\/www.campingdelavallee.com\/en\/wp-json\/wp\/v2\/pages\/1050\/revisions\/2047"}],"wp:attachment":[{"href":"https:\/\/www.campingdelavallee.com\/en\/wp-json\/wp\/v2\/media?parent=1050"}],"curies":[{"name":"wp","href":"https:\/\/api.w.org\/{rel}","templated":true}]}}