{"id":1034,"date":"2022-06-10T09:44:25","date_gmt":"2022-06-10T07:44:25","guid":{"rendered":"https:\/\/www.campingdelavallee.com\/campsite-near-la-cote-vermeille\/"},"modified":"2022-06-10T09:44:25","modified_gmt":"2022-06-10T07:44:25","slug":"campsite-near-la-cote-vermeille","status":"publish","type":"page","link":"https:\/\/www.campingdelavallee.com\/en\/campsite-near-la-cote-vermeille\/","title":{"rendered":"Campsite near La C\u00f4te Vermeille"},"content":{"rendered":"\n<section class=\"wp-container-69e484687b431 wp-block-group V-05-a deco--vague-1\"><div class=\"wp-block-group__inner-container\">\n<div class=\"wp-block-columns\">\n<div class=\"wp-block-column\">\n<h1 class=\"deco--trait-1 has-couleur-1-color has-text-color\" id=\"camping-pres-de-la-cote-vermeille\">Campsite near La C\u00f4te Vermeille<\/h1>\n\n\n\n<p>Enjoying a stay at the campsite in the Pyr\u00e9n\u00e9es Orientales offers a multitude of landscapes to discover between the sea and the mountains. By staying at <a href=\"https:\/\/www.campingdelavallee.com\/en\/\" data-type=\"page\" data-id=\"5\">the Vall\u00e9e campsite<\/a> , holidaymakers will also have the opportunity to admire them. During your stay at the <strong>campsite in St Jean pla de Corts<\/strong> near Le <a href=\"https:\/\/www.campingdelavallee.com\/en\/alentours\/le-boulou\/\" data-type=\"alentours\" data-id=\"805\">Boulou<\/a> , go to the <strong>C\u00f4te Vermeille<\/strong> and let yourself be charmed by these many coves, its 4 seaside resorts and its natural and preserved landscapes.<\/p>\n\n\n\n<h2 class=\"titre2 has-couleur-2-color has-text-color\" id=\"decouvrir-la-cote-vermeille-pendant-son-sejour-au-camping\">Discover the C\u00f4te Vermeille during your stay at the campsite<\/h2>\n\n\n\n<p>A true corner of paradise, the C\u00f4te Vermeille is not lacking in assets to seduce holidaymakers. You will be surprised by the diversity of its landscapes and reliefs, between mountains, creeks, greenery and vineyards. The C\u00f4te Vermeille stretches for several kilometers from Racou beach in Argel\u00e8s to Cerb\u00e8re and then ends in Spain via Collioure, Port-Vendres, Banyuls-sur-Mer. On the C\u00f4te Vermeille, the activities are as varied as the landscapes. Thus, you can make many hikes along the coastal path, enjoy the coves and water activities, swim and enjoy your moments of idleness in the company of your loved ones.<\/p>\n<\/div>\n\n\n\n<div class=\"wp-block-column\">\n<div class=\"wp-container-69e484687b12e wp-block-buttons\">\n<div class=\"wp-block-button is-style-outline\"><a class=\"wp-block-button__link has-couleur-1-color has-text-color\" href=\"https:\/\/www.campingdelavallee.com\/en\/photo-video-gallery\/\"><i class=\"fas fa-photo-film\"><\/i> See the gallery<\/a><\/div>\n<\/div>\n\n\n\n<figure class=\"wp-block-image size-full\"><img loading=\"lazy\" width=\"750\" height=\"355\" src=\"https:\/\/www.campingdelavallee.com\/wp-content\/uploads\/2022\/04\/Eglise-notre-dame-des-anges-de-Collioure-camping-de-la-vallee-750x355-1.jpg\" alt=\"Camping De La Vall&#xE9;e (66): Church of Our Lady Of The Angels Of Collioure Camping De La Vall&#xE9;e 750x355\" class=\"wp-image-819\" srcset=\"https:\/\/www.campingdelavallee.com\/wp-content\/uploads\/2022\/04\/Eglise-notre-dame-des-anges-de-Collioure-camping-de-la-vallee-750x355-1.jpg 750w, https:\/\/www.campingdelavallee.com\/wp-content\/uploads\/2022\/04\/Eglise-notre-dame-des-anges-de-Collioure-camping-de-la-vallee-750x355-1-300x142.jpg 300w\" sizes=\"(max-width: 750px) 100vw, 750px\" \/><\/figure><\/div>\n<\/div>\n<\/div><\/section>\n\n<div class=\"wp-container-69e484687bbc0 wp-block-group deco--montagnes\"><div class=\"wp-block-group__inner-container\">\n<h2 class=\"has-couleur-1-color has-text-color\" id=\"rejoindre-les-stations-incontournables-de-la-cote-vermeille\">Join the must-see resorts of the C\u00f4te Vermeille<\/h2>\n\n\n\n<p>During your stay at <strong>the campsite on the Vermeille coast<\/strong> or nearby, you can enjoy the Mediterranean as well as the mountains there. You can also go to the heart of the seaside towns of the C\u00f4te Vermeille to admire the landscapes and enjoy multiple activities. Among them are Collioure, Port Vendres, Banyuls sur Mer and Cerb\u00e8re.<\/p>\n\n\n\n<div class=\"wp-container-69e484687b8c5 wp-block-group encart\"><div class=\"wp-block-group__inner-container\">\n<div class=\"wp-block-columns\">\n<div class=\"wp-block-column\">\n<h3 class=\"has-couleur-2-color has-text-color\" id=\"collioure\">Collioure<\/h3>\n\n\n\n<p>Known for its marine richness, it is also appreciated for its fishing port and its many small streets. While strolling in the latter, you will also have the opportunity to admire its architectural heritage such as the medieval enclosure, which will immerse you in its history. Finally, meet many artists such as Matisse, Picasso, Signac and many others who left their mark there.<\/p>\n<\/div>\n\n\n\n<div class=\"wp-block-column\">\n<h3 class=\"has-couleur-2-color has-text-color\" id=\"port-vendres\">Port Vendres<\/h3>\n\n\n\n<p>Leaving from Port-Vendres, you can stroll around the port and relax in one of its many coves. You can also practice nautical activities there or decide to follow the path to Cap B\u00e9ar which will allow you to admire the beauty of the landscapes. To this is also added the site of the cove of Paulilles, one of the most beautiful coves on the Catalan coast, classified Natura 2000.<\/p>\n<\/div>\n<\/div>\n\n\n\n<div class=\"wp-block-columns\">\n<div class=\"wp-block-column\">\n<h3 class=\"has-couleur-2-color has-text-color\" id=\"banyuls-sur-mer\">Banyuls sur Mer<\/h3>\n\n\n\n<p>In Banyuls-sur-Mer, you will enjoy different facets with its vineyards, its beach and its port. You can also live in Roman times thanks to the old oppidum, a historic Roman habitat located in Puig del Mas. Finally, for cultural outings, go to&lt; <a href=\"https:\/\/www.banyuls-sur-mer.com\/fr\/decouvrir\/patrimoine-culture\/musee-maillol\">Banyuls-sur-Mer museum<\/a> to pay tribute to the sculptor Aristide Maillol.<\/p>\n<\/div>\n\n\n\n<div class=\"wp-block-column\">\n<h3 class=\"has-couleur-2-color has-text-color\" id=\"cerbere\">Cerberus<\/h3>\n\n\n\n<p>Cerb\u00e8re also benefits from an extraordinary natural wealth. You can first take the hiking trails to admire the landscapes offered by the seaside resort. Thus, its port, its creeks, its vineyard and its architectural style await you for an unforgettable stay. In addition, you can enjoy its festivity thanks to its famous Saint-Sauveur festival or take advantage of the marine nature reserve where you can breathe the pure air of Cerb\u00e8re.<\/p>\n<\/div>\n<\/div>\n<\/div><\/div>\n\n\n\n<p><strong>Where to stay at the campsite on the vermeille coast?<\/strong><\/p>\n\n\n\n<p>You want to go on holiday at the <strong>campsite in the Pyr\u00e9n\u00e9es-Orientales<\/strong> near the C\u00f4te Vermeille, then join the campsite de la Vall\u00e9e (66) located between <strong>Le Boulou<\/strong> and <a href=\"https:\/\/www.campingdelavallee.com\/en\/alentours\/ceret\/\" data-type=\"alentours\" data-id=\"797\">C\u00e9ret<\/a> . Prepare your vacation and choose the accommodation or pitch that suits you best. Take advantage of calm and relaxing moments to relax with family or friends. Relax by the campsite&#8217;s heated swimming pool where you can make your best dives and enjoy aquagym activities. Finally, you will also benefit from quality activities and services for an extraordinary stay.<\/p>\n<\/div><\/div>\n","protected":false},"excerpt":{"rendered":"<p>Campsite near La C\u00f4te Vermeille Enjoying a stay at the campsite in the Pyr\u00e9n\u00e9es Orientales offers a multitude of landscapes to discover between the sea and the mountains. By staying at the Vall\u00e9e campsite , holidaymakers will also have the opportunity to admire them. During your stay at the campsite in St Jean pla de [&hellip;]<\/p>\n","protected":false},"author":1,"featured_media":0,"parent":0,"menu_order":0,"comment_status":"closed","ping_status":"closed","template":"","meta":[],"acf":[],"_links":{"self":[{"href":"https:\/\/www.campingdelavallee.com\/en\/wp-json\/wp\/v2\/pages\/1034"}],"collection":[{"href":"https:\/\/www.campingdelavallee.com\/en\/wp-json\/wp\/v2\/pages"}],"about":[{"href":"https:\/\/www.campingdelavallee.com\/en\/wp-json\/wp\/v2\/types\/page"}],"author":[{"embeddable":true,"href":"https:\/\/www.campingdelavallee.com\/en\/wp-json\/wp\/v2\/users\/1"}],"replies":[{"embeddable":true,"href":"https:\/\/www.campingdelavallee.com\/en\/wp-json\/wp\/v2\/comments?post=1034"}],"version-history":[{"count":1,"href":"https:\/\/www.campingdelavallee.com\/en\/wp-json\/wp\/v2\/pages\/1034\/revisions"}],"predecessor-version":[{"id":1035,"href":"https:\/\/www.campingdelavallee.com\/en\/wp-json\/wp\/v2\/pages\/1034\/revisions\/1035"}],"wp:attachment":[{"href":"https:\/\/www.campingdelavallee.com\/en\/wp-json\/wp\/v2\/media?parent=1034"}],"curies":[{"name":"wp","href":"https:\/\/api.w.org\/{rel}","templated":true}]}}